{"id":11106,"date":"2023-08-11T08:02:11","date_gmt":"2023-08-11T06:02:11","guid":{"rendered":"https:\/\/www.europaschule-evropskasola.com\/?page_id=11106"},"modified":"2023-11-14T10:56:39","modified_gmt":"2023-11-14T09:56:39","slug":"schulfrei-prosto-2023-2024","status":"publish","type":"page","link":"https:\/\/www.europaschule-evropskasola.com\/?page_id=11106","title":{"rendered":"Schulfrei | prosto 2023\/2024"},"content":{"rendered":"<p><strong>Schulautonome freie Tage \u2013 Avtonomni prosti dnevi<\/strong><\/p>\n<p>03.11.2023<br \/>\n10.05.2024<br \/>\n31.05.2024<\/p>\n<p><strong>Ferien &#8211; Po\u010ditnice<\/strong><\/p>\n<table>\n<tbody>\n<tr>\n<td>Herbstferien\/Jesenske po\u010ditnice<\/td>\n<td>27.10.2023 \u2013 02.11.2023<\/td>\n<\/tr>\n<tr>\n<td>Weihnachtsferien\/Bo\u017ei\u010dne po\u010ditnice<\/td>\n<td>24.12.2023 \u2013 06.01.2024<\/td>\n<\/tr>\n<tr>\n<td>Semesterferien\/Semestralne po\u010ditnice<\/td>\n<td>12.02.2024 \u2013 18.02.2024<\/td>\n<\/tr>\n<tr>\n<td>Osterferien\/Velikono\u010dne po\u010ditnice<\/td>\n<td>23.03.2024 \u2013 01.04.2024<\/td>\n<\/tr>\n<tr>\n<td>Pfingstferien\/Binko\u0161ti<\/td>\n<td>18.05.2024 \u2013 20.05.2024<\/td>\n<\/tr>\n<tr>\n<td>Sommerferien\/Poletne po\u010ditnice<\/td>\n<td>06.07.2024 \u2013 08.09.2024<\/td>\n<\/tr>\n<\/tbody>\n<\/table>\n<p><strong>Schulfreie Tage und Feiertage \u2013 Prosti dnevi in prazniki<\/strong><\/p>\n<table>\n<tbody>\n<tr>\n<td>10.10.2023<\/td>\n<td>Landesfeiertag\/De\u017eelni praznik<\/td>\n<\/tr>\n<tr>\n<td>26.10.2023<\/td>\n<td>Nationalfeiertag\/Dr\u017eavni praznik<\/td>\n<\/tr>\n<tr>\n<td>01.11.2023<\/td>\n<td>Allerheiligen\/Dan vseh svetih<\/td>\n<\/tr>\n<tr>\n<td>02.11.2023<\/td>\n<td>Allerseelen\/Vernih du\u0161 dan<\/td>\n<\/tr>\n<tr>\n<td>08.12.2023<\/td>\n<td>Mari\u00e4 Empf\u00e4ngnis\/Marijino brezmade\u017eno spo\u010detje<\/td>\n<\/tr>\n<tr>\n<td>19.03.2024<\/td>\n<td>Josefi\/Sv. Jo\u017eef<\/td>\n<\/tr>\n<tr>\n<td>09.05.2024<\/td>\n<td>Christi Himmelfahrt\/Kristusov vnebohod<\/td>\n<\/tr>\n<tr>\n<td>30.05.2024<\/td>\n<td>Fronleichnam\/Re\u0161nje telo<\/td>\n<\/tr>\n<\/tbody>\n<\/table>\n<p>&nbsp;<\/p>\n","protected":false},"excerpt":{"rendered":"<p>Schulautonome freie Tage \u2013 Avtonomni prosti dnevi 03.11.2023 10.05.2024 31.05.2024 Ferien &#8211; Po\u010ditnice Herbstferien\/Jesenske po\u010ditnice 27.10.2023 \u2013 02.11.2023 Weihnachtsferien\/Bo\u017ei\u010dne po\u010ditnice 24.12.2023 \u2013 06.01.2024 Semesterferien\/Semestralne po\u010ditnice 12.02.2024 \u2013 18.02.2024 Osterferien\/Velikono\u010dne po\u010ditnice 23.03.2024 \u2013 01.04.2024 Pfingstferien\/Binko\u0161ti 18.05.2024 \u2013 20.05.2024 Sommerferien\/Poletne po\u010ditnice 06.07.2024 \u2013 08.09.2024 Schulfreie Tage und Feiertage \u2013 Prosti dnevi in prazniki 10.10.2023 Landesfeiertag\/De\u017eelni praznik 26.10.2023 [&hellip;]<\/p>\n","protected":false},"author":1,"featured_media":0,"parent":751,"menu_order":0,"comment_status":"closed","ping_status":"closed","template":"","meta":{"footnotes":""},"class_list":["post-11106","page","type-page","status-publish"],"_links":{"self":[{"href":"https:\/\/www.europaschule-evropskasola.com\/index.php?rest_route=\/wp\/v2\/pages\/11106","targetHints":{"allow":["GET"]}}],"collection":[{"href":"https:\/\/www.europaschule-evropskasola.com\/index.php?rest_route=\/wp\/v2\/pages"}],"about":[{"href":"https:\/\/www.europaschule-evropskasola.com\/index.php?rest_route=\/wp\/v2\/types\/page"}],"author":[{"embeddable":true,"href":"https:\/\/www.europaschule-evropskasola.com\/index.php?rest_route=\/wp\/v2\/users\/1"}],"replies":[{"embeddable":true,"href":"https:\/\/www.europaschule-evropskasola.com\/index.php?rest_route=%2Fwp%2Fv2%2Fcomments&post=11106"}],"version-history":[{"count":7,"href":"https:\/\/www.europaschule-evropskasola.com\/index.php?rest_route=\/wp\/v2\/pages\/11106\/revisions"}],"predecessor-version":[{"id":11297,"href":"https:\/\/www.europaschule-evropskasola.com\/index.php?rest_route=\/wp\/v2\/pages\/11106\/revisions\/11297"}],"up":[{"embeddable":true,"href":"https:\/\/www.europaschule-evropskasola.com\/index.php?rest_route=\/wp\/v2\/pages\/751"}],"wp:attachment":[{"href":"https:\/\/www.europaschule-evropskasola.com\/index.php?rest_route=%2Fwp%2Fv2%2Fmedia&parent=11106"}],"curies":[{"name":"wp","href":"https:\/\/api.w.org\/{rel}","templated":true}]}}