{"id":11268,"date":"2023-10-24T10:54:44","date_gmt":"2023-10-24T08:54:44","guid":{"rendered":"https:\/\/www.europaschule-evropskasola.com\/?page_id=11268"},"modified":"2025-01-06T09:04:52","modified_gmt":"2025-01-06T08:04:52","slug":"presse-tisk-2023-24","status":"publish","type":"page","link":"https:\/\/www.europaschule-evropskasola.com\/?page_id=11268","title":{"rendered":"Presse | tisk 2023\/24"},"content":{"rendered":"\n<p>Klick K\u00e4rnten, 03.07.2024<\/p>\n\n\n\n<div><a href=\"https:\/\/www.europaschule-evropskasola.com\/wp-content\/uploads\/2025\/01\/klick_kaernten_20240703.png\" class=\"td-modal-image\"><figure class=\"wp-block-image size-full is-resized\"><img loading=\"lazy\" decoding=\"async\" width=\"1273\" height=\"1012\" src=\"https:\/\/www.europaschule-evropskasola.com\/wp-content\/uploads\/2025\/01\/klick_kaernten_20240703.png\" alt=\"\" class=\"wp-image-11900\" style=\"width:392px;height:auto\" srcset=\"https:\/\/www.europaschule-evropskasola.com\/wp-content\/uploads\/2025\/01\/klick_kaernten_20240703.png 1273w, https:\/\/www.europaschule-evropskasola.com\/wp-content\/uploads\/2025\/01\/klick_kaernten_20240703-768x611.png 768w, https:\/\/www.europaschule-evropskasola.com\/wp-content\/uploads\/2025\/01\/klick_kaernten_20240703-528x420.png 528w, https:\/\/www.europaschule-evropskasola.com\/wp-content\/uploads\/2025\/01\/klick_kaernten_20240703-696x553.png 696w, https:\/\/www.europaschule-evropskasola.com\/wp-content\/uploads\/2025\/01\/klick_kaernten_20240703-1068x849.png 1068w\" sizes=\"auto, (max-width: 1273px) 100vw, 1273px\" \/><\/figure><\/a><\/div>\n\n\n\n<p>Klick K\u00e4rnten, 10.06.2024<\/p>\n\n\n\n<div><a href=\"https:\/\/www.europaschule-evropskasola.com\/wp-content\/uploads\/2024\/06\/klickkaernten_20240610.jpg\" class=\"td-modal-image\"><figure class=\"wp-block-image size-full is-resized\"><img loading=\"lazy\" decoding=\"async\" width=\"1254\" height=\"1226\" src=\"https:\/\/www.europaschule-evropskasola.com\/wp-content\/uploads\/2024\/06\/klickkaernten_20240610.jpg\" alt=\"\" class=\"wp-image-11672\" style=\"width:397px;height:auto\" srcset=\"https:\/\/www.europaschule-evropskasola.com\/wp-content\/uploads\/2024\/06\/klickkaernten_20240610.jpg 1254w, https:\/\/www.europaschule-evropskasola.com\/wp-content\/uploads\/2024\/06\/klickkaernten_20240610-768x751.jpg 768w, https:\/\/www.europaschule-evropskasola.com\/wp-content\/uploads\/2024\/06\/klickkaernten_20240610-696x680.jpg 696w, https:\/\/www.europaschule-evropskasola.com\/wp-content\/uploads\/2024\/06\/klickkaernten_20240610-1068x1044.jpg 1068w, https:\/\/www.europaschule-evropskasola.com\/wp-content\/uploads\/2024\/06\/klickkaernten_20240610-430x420.jpg 430w\" sizes=\"auto, (max-width: 1254px) 100vw, 1254px\" \/><\/figure><\/a><\/div>\n\n\n\n<p>Klick K\u00e4rnten, 09.06.2024<\/p>\n\n\n\n<div><a href=\"https:\/\/www.europaschule-evropskasola.com\/wp-content\/uploads\/2024\/06\/klickkaernten_20240609-1.jpg\" class=\"td-modal-image\"><figure class=\"wp-block-image size-full is-resized\"><img loading=\"lazy\" decoding=\"async\" width=\"1230\" height=\"929\" src=\"https:\/\/www.europaschule-evropskasola.com\/wp-content\/uploads\/2024\/06\/klickkaernten_20240609-1.jpg\" alt=\"\" class=\"wp-image-11666\" style=\"width:401px;height:auto\" srcset=\"https:\/\/www.europaschule-evropskasola.com\/wp-content\/uploads\/2024\/06\/klickkaernten_20240609-1.jpg 1230w, https:\/\/www.europaschule-evropskasola.com\/wp-content\/uploads\/2024\/06\/klickkaernten_20240609-1-768x580.jpg 768w, https:\/\/www.europaschule-evropskasola.com\/wp-content\/uploads\/2024\/06\/klickkaernten_20240609-1-696x526.jpg 696w, https:\/\/www.europaschule-evropskasola.com\/wp-content\/uploads\/2024\/06\/klickkaernten_20240609-1-1068x807.jpg 1068w, https:\/\/www.europaschule-evropskasola.com\/wp-content\/uploads\/2024\/06\/klickkaernten_20240609-1-556x420.jpg 556w, https:\/\/www.europaschule-evropskasola.com\/wp-content\/uploads\/2024\/06\/klickkaernten_20240609-1-80x60.jpg 80w\" sizes=\"auto, (max-width: 1230px) 100vw, 1230px\" \/><\/figure><\/a><\/div>\n\n\n\n<p>Woche, 05.06.2024<\/p>\n\n\n\n<div><a href=\"https:\/\/www.europaschule-evropskasola.com\/wp-content\/uploads\/2024\/06\/woche_20240605_01-scaled.jpg\" class=\"td-modal-image\"><figure class=\"wp-block-image size-full is-resized\"><img loading=\"lazy\" decoding=\"async\" width=\"1895\" height=\"2560\" src=\"https:\/\/www.europaschule-evropskasola.com\/wp-content\/uploads\/2024\/06\/woche_20240605_01-scaled.jpg\" alt=\"\" class=\"wp-image-11654\" style=\"width:413px;height:auto\" srcset=\"https:\/\/www.europaschule-evropskasola.com\/wp-content\/uploads\/2024\/06\/woche_20240605_01-scaled.jpg 1895w, https:\/\/www.europaschule-evropskasola.com\/wp-content\/uploads\/2024\/06\/woche_20240605_01-768x1037.jpg 768w, https:\/\/www.europaschule-evropskasola.com\/wp-content\/uploads\/2024\/06\/woche_20240605_01-1137x1536.jpg 1137w, https:\/\/www.europaschule-evropskasola.com\/wp-content\/uploads\/2024\/06\/woche_20240605_01-1516x2048.jpg 1516w, https:\/\/www.europaschule-evropskasola.com\/wp-content\/uploads\/2024\/06\/woche_20240605_01-696x940.jpg 696w, https:\/\/www.europaschule-evropskasola.com\/wp-content\/uploads\/2024\/06\/woche_20240605_01-1068x1442.jpg 1068w, https:\/\/www.europaschule-evropskasola.com\/wp-content\/uploads\/2024\/06\/woche_20240605_01-1920x2593.jpg 1920w, https:\/\/www.europaschule-evropskasola.com\/wp-content\/uploads\/2024\/06\/woche_20240605_01-311x420.jpg 311w\" sizes=\"auto, (max-width: 1895px) 100vw, 1895px\" \/><\/figure><\/a><\/div>\n\n\n\n<div><a href=\"https:\/\/www.europaschule-evropskasola.com\/wp-content\/uploads\/2024\/06\/woche_20240605_02.jpg\" class=\"td-modal-image\"><figure class=\"wp-block-image size-full is-resized\"><img loading=\"lazy\" decoding=\"async\" width=\"2417\" height=\"1572\" src=\"https:\/\/www.europaschule-evropskasola.com\/wp-content\/uploads\/2024\/06\/woche_20240605_02.jpg\" alt=\"\" class=\"wp-image-11655\" style=\"width:410px;height:auto\" srcset=\"https:\/\/www.europaschule-evropskasola.com\/wp-content\/uploads\/2024\/06\/woche_20240605_02.jpg 2417w, https:\/\/www.europaschule-evropskasola.com\/wp-content\/uploads\/2024\/06\/woche_20240605_02-768x500.jpg 768w, https:\/\/www.europaschule-evropskasola.com\/wp-content\/uploads\/2024\/06\/woche_20240605_02-1536x999.jpg 1536w, https:\/\/www.europaschule-evropskasola.com\/wp-content\/uploads\/2024\/06\/woche_20240605_02-2048x1332.jpg 2048w, https:\/\/www.europaschule-evropskasola.com\/wp-content\/uploads\/2024\/06\/woche_20240605_02-696x453.jpg 696w, https:\/\/www.europaschule-evropskasola.com\/wp-content\/uploads\/2024\/06\/woche_20240605_02-1068x695.jpg 1068w, https:\/\/www.europaschule-evropskasola.com\/wp-content\/uploads\/2024\/06\/woche_20240605_02-1920x1249.jpg 1920w, https:\/\/www.europaschule-evropskasola.com\/wp-content\/uploads\/2024\/06\/woche_20240605_02-646x420.jpg 646w\" sizes=\"auto, (max-width: 2417px) 100vw, 2417px\" \/><\/figure><\/a><\/div>\n\n\n\n<p>Krone, 01.06.2024<\/p>\n\n\n\n<div><a href=\"https:\/\/www.europaschule-evropskasola.com\/wp-content\/uploads\/2024\/06\/krone_20240601-scaled.jpg\" class=\"td-modal-image\"><figure class=\"wp-block-image size-full is-resized\"><img loading=\"lazy\" decoding=\"async\" width=\"2560\" height=\"946\" src=\"https:\/\/www.europaschule-evropskasola.com\/wp-content\/uploads\/2024\/06\/krone_20240601-scaled.jpg\" alt=\"\" class=\"wp-image-11652\" style=\"width:423px;height:auto\" srcset=\"https:\/\/www.europaschule-evropskasola.com\/wp-content\/uploads\/2024\/06\/krone_20240601-scaled.jpg 2560w, https:\/\/www.europaschule-evropskasola.com\/wp-content\/uploads\/2024\/06\/krone_20240601-768x284.jpg 768w, https:\/\/www.europaschule-evropskasola.com\/wp-content\/uploads\/2024\/06\/krone_20240601-1536x568.jpg 1536w, https:\/\/www.europaschule-evropskasola.com\/wp-content\/uploads\/2024\/06\/krone_20240601-2048x757.jpg 2048w, https:\/\/www.europaschule-evropskasola.com\/wp-content\/uploads\/2024\/06\/krone_20240601-696x257.jpg 696w, https:\/\/www.europaschule-evropskasola.com\/wp-content\/uploads\/2024\/06\/krone_20240601-1068x395.jpg 1068w, https:\/\/www.europaschule-evropskasola.com\/wp-content\/uploads\/2024\/06\/krone_20240601-1920x710.jpg 1920w, https:\/\/www.europaschule-evropskasola.com\/wp-content\/uploads\/2024\/06\/krone_20240601-1136x420.jpg 1136w\" sizes=\"auto, (max-width: 2560px) 100vw, 2560px\" \/><\/figure><\/a><\/div>\n\n\n\n<p>V\u00f6lkermarkter, 07.05.2024<\/p>\n\n\n\n<div><a href=\"https:\/\/www.europaschule-evropskasola.com\/wp-content\/uploads\/2024\/05\/voelkermarkter_20240508-scaled.jpg\" class=\"td-modal-image\"><figure class=\"wp-block-image size-full is-resized\"><img loading=\"lazy\" decoding=\"async\" width=\"2560\" height=\"2061\" src=\"https:\/\/www.europaschule-evropskasola.com\/wp-content\/uploads\/2024\/05\/voelkermarkter_20240508-scaled.jpg\" alt=\"\" class=\"wp-image-11619\" style=\"width:424px;height:auto\" srcset=\"https:\/\/www.europaschule-evropskasola.com\/wp-content\/uploads\/2024\/05\/voelkermarkter_20240508-scaled.jpg 2560w, https:\/\/www.europaschule-evropskasola.com\/wp-content\/uploads\/2024\/05\/voelkermarkter_20240508-768x618.jpg 768w, https:\/\/www.europaschule-evropskasola.com\/wp-content\/uploads\/2024\/05\/voelkermarkter_20240508-1536x1237.jpg 1536w, https:\/\/www.europaschule-evropskasola.com\/wp-content\/uploads\/2024\/05\/voelkermarkter_20240508-2048x1649.jpg 2048w, https:\/\/www.europaschule-evropskasola.com\/wp-content\/uploads\/2024\/05\/voelkermarkter_20240508-696x560.jpg 696w, https:\/\/www.europaschule-evropskasola.com\/wp-content\/uploads\/2024\/05\/voelkermarkter_20240508-1068x860.jpg 1068w, https:\/\/www.europaschule-evropskasola.com\/wp-content\/uploads\/2024\/05\/voelkermarkter_20240508-1920x1546.jpg 1920w, https:\/\/www.europaschule-evropskasola.com\/wp-content\/uploads\/2024\/05\/voelkermarkter_20240508-522x420.jpg 522w\" sizes=\"auto, (max-width: 2560px) 100vw, 2560px\" \/><\/figure><\/a><\/div>\n\n\n\n<p>Woche, 01.03.2024<\/p>\n\n\n\n<div><a href=\"https:\/\/www.europaschule-evropskasola.com\/wp-content\/uploads\/2024\/04\/woche_20240301-scaled.jpg\" class=\"td-modal-image\"><figure class=\"wp-block-image size-full is-resized\"><img loading=\"lazy\" decoding=\"async\" width=\"1256\" height=\"2560\" src=\"https:\/\/www.europaschule-evropskasola.com\/wp-content\/uploads\/2024\/04\/woche_20240301-scaled.jpg\" alt=\"\" class=\"wp-image-11562\" style=\"width:428px;height:auto\" srcset=\"https:\/\/www.europaschule-evropskasola.com\/wp-content\/uploads\/2024\/04\/woche_20240301-scaled.jpg 1256w, https:\/\/www.europaschule-evropskasola.com\/wp-content\/uploads\/2024\/04\/woche_20240301-768x1566.jpg 768w, https:\/\/www.europaschule-evropskasola.com\/wp-content\/uploads\/2024\/04\/woche_20240301-753x1536.jpg 753w, https:\/\/www.europaschule-evropskasola.com\/wp-content\/uploads\/2024\/04\/woche_20240301-1005x2048.jpg 1005w, https:\/\/www.europaschule-evropskasola.com\/wp-content\/uploads\/2024\/04\/woche_20240301-696x1419.jpg 696w, https:\/\/www.europaschule-evropskasola.com\/wp-content\/uploads\/2024\/04\/woche_20240301-1068x2177.jpg 1068w, https:\/\/www.europaschule-evropskasola.com\/wp-content\/uploads\/2024\/04\/woche_20240301-206x420.jpg 206w\" sizes=\"auto, (max-width: 1256px) 100vw, 1256px\" \/><\/figure><\/a><\/div>\n\n\n\n<p>ORF Online, 07.03.2024<\/p>\n\n\n\n<div><a href=\"https:\/\/www.europaschule-evropskasola.com\/wp-content\/uploads\/2024\/04\/orfonline_20240307_2-scaled.jpg\" class=\"td-modal-image\"><figure class=\"wp-block-image size-full is-resized\"><img loading=\"lazy\" decoding=\"async\" width=\"1251\" height=\"2560\" src=\"https:\/\/www.europaschule-evropskasola.com\/wp-content\/uploads\/2024\/04\/orfonline_20240307_2-scaled.jpg\" alt=\"\" class=\"wp-image-11561\" style=\"width:424px;height:auto\" srcset=\"https:\/\/www.europaschule-evropskasola.com\/wp-content\/uploads\/2024\/04\/orfonline_20240307_2-scaled.jpg 1251w, https:\/\/www.europaschule-evropskasola.com\/wp-content\/uploads\/2024\/04\/orfonline_20240307_2-768x1572.jpg 768w, https:\/\/www.europaschule-evropskasola.com\/wp-content\/uploads\/2024\/04\/orfonline_20240307_2-750x1536.jpg 750w, https:\/\/www.europaschule-evropskasola.com\/wp-content\/uploads\/2024\/04\/orfonline_20240307_2-1001x2048.jpg 1001w, https:\/\/www.europaschule-evropskasola.com\/wp-content\/uploads\/2024\/04\/orfonline_20240307_2-696x1425.jpg 696w, https:\/\/www.europaschule-evropskasola.com\/wp-content\/uploads\/2024\/04\/orfonline_20240307_2-1068x2186.jpg 1068w, https:\/\/www.europaschule-evropskasola.com\/wp-content\/uploads\/2024\/04\/orfonline_20240307_2-1920x3930.jpg 1920w, https:\/\/www.europaschule-evropskasola.com\/wp-content\/uploads\/2024\/04\/orfonline_20240307_2-205x420.jpg 205w\" sizes=\"auto, (max-width: 1251px) 100vw, 1251px\" \/><\/figure><\/a><\/div>\n\n\n\n<p>ORF Online, 07.03.2024<\/p>\n\n\n\n<div><a href=\"https:\/\/www.europaschule-evropskasola.com\/wp-content\/uploads\/2024\/04\/orfonline_20240307.jpg\" class=\"td-modal-image\"><figure class=\"wp-block-image size-full is-resized\"><img loading=\"lazy\" decoding=\"async\" width=\"1741\" height=\"2299\" src=\"https:\/\/www.europaschule-evropskasola.com\/wp-content\/uploads\/2024\/04\/orfonline_20240307.jpg\" alt=\"\" class=\"wp-image-11560\" style=\"width:422px;height:auto\" srcset=\"https:\/\/www.europaschule-evropskasola.com\/wp-content\/uploads\/2024\/04\/orfonline_20240307.jpg 1741w, https:\/\/www.europaschule-evropskasola.com\/wp-content\/uploads\/2024\/04\/orfonline_20240307-768x1014.jpg 768w, https:\/\/www.europaschule-evropskasola.com\/wp-content\/uploads\/2024\/04\/orfonline_20240307-1163x1536.jpg 1163w, https:\/\/www.europaschule-evropskasola.com\/wp-content\/uploads\/2024\/04\/orfonline_20240307-1551x2048.jpg 1551w, https:\/\/www.europaschule-evropskasola.com\/wp-content\/uploads\/2024\/04\/orfonline_20240307-696x919.jpg 696w, https:\/\/www.europaschule-evropskasola.com\/wp-content\/uploads\/2024\/04\/orfonline_20240307-1068x1410.jpg 1068w, https:\/\/www.europaschule-evropskasola.com\/wp-content\/uploads\/2024\/04\/orfonline_20240307-318x420.jpg 318w\" sizes=\"auto, (max-width: 1741px) 100vw, 1741px\" \/><\/figure><\/a><\/div>\n\n\n\n<p>ORF Online, 06.03.2024<\/p>\n\n\n\n<div><a href=\"https:\/\/www.europaschule-evropskasola.com\/wp-content\/uploads\/2024\/04\/orfonline_20240303-scaled.jpg\" class=\"td-modal-image\"><figure class=\"wp-block-image size-full is-resized\"><img loading=\"lazy\" decoding=\"async\" width=\"2560\" height=\"576\" src=\"https:\/\/www.europaschule-evropskasola.com\/wp-content\/uploads\/2024\/04\/orfonline_20240303-scaled.jpg\" alt=\"\" class=\"wp-image-11558\" style=\"width:425px;height:auto\" srcset=\"https:\/\/www.europaschule-evropskasola.com\/wp-content\/uploads\/2024\/04\/orfonline_20240303-scaled.jpg 2560w, https:\/\/www.europaschule-evropskasola.com\/wp-content\/uploads\/2024\/04\/orfonline_20240303-768x173.jpg 768w, https:\/\/www.europaschule-evropskasola.com\/wp-content\/uploads\/2024\/04\/orfonline_20240303-1536x346.jpg 1536w, https:\/\/www.europaschule-evropskasola.com\/wp-content\/uploads\/2024\/04\/orfonline_20240303-2048x461.jpg 2048w, https:\/\/www.europaschule-evropskasola.com\/wp-content\/uploads\/2024\/04\/orfonline_20240303-696x157.jpg 696w, https:\/\/www.europaschule-evropskasola.com\/wp-content\/uploads\/2024\/04\/orfonline_20240303-1068x240.jpg 1068w, https:\/\/www.europaschule-evropskasola.com\/wp-content\/uploads\/2024\/04\/orfonline_20240303-1920x432.jpg 1920w, https:\/\/www.europaschule-evropskasola.com\/wp-content\/uploads\/2024\/04\/orfonline_20240303-1865x420.jpg 1865w\" sizes=\"auto, (max-width: 2560px) 100vw, 2560px\" \/><\/figure><\/a><\/div>\n\n\n\n<p>Kleine Zeitung, 01.02.2024<\/p>\n\n\n\n<div><a href=\"https:\/\/www.europaschule-evropskasola.com\/wp-content\/uploads\/2024\/02\/kleinezeitung_20240102.jpg\" class=\"td-modal-image\"><figure class=\"wp-block-image size-full is-resized\"><img loading=\"lazy\" decoding=\"async\" width=\"2491\" height=\"558\" src=\"https:\/\/www.europaschule-evropskasola.com\/wp-content\/uploads\/2024\/02\/kleinezeitung_20240102.jpg\" alt=\"\" class=\"wp-image-11452\" style=\"width:430px;height:auto\" srcset=\"https:\/\/www.europaschule-evropskasola.com\/wp-content\/uploads\/2024\/02\/kleinezeitung_20240102.jpg 2491w, https:\/\/www.europaschule-evropskasola.com\/wp-content\/uploads\/2024\/02\/kleinezeitung_20240102-768x172.jpg 768w, https:\/\/www.europaschule-evropskasola.com\/wp-content\/uploads\/2024\/02\/kleinezeitung_20240102-1536x344.jpg 1536w, https:\/\/www.europaschule-evropskasola.com\/wp-content\/uploads\/2024\/02\/kleinezeitung_20240102-2048x459.jpg 2048w, https:\/\/www.europaschule-evropskasola.com\/wp-content\/uploads\/2024\/02\/kleinezeitung_20240102-696x156.jpg 696w, https:\/\/www.europaschule-evropskasola.com\/wp-content\/uploads\/2024\/02\/kleinezeitung_20240102-1068x239.jpg 1068w, https:\/\/www.europaschule-evropskasola.com\/wp-content\/uploads\/2024\/02\/kleinezeitung_20240102-1920x430.jpg 1920w, https:\/\/www.europaschule-evropskasola.com\/wp-content\/uploads\/2024\/02\/kleinezeitung_20240102-1875x420.jpg 1875w\" sizes=\"auto, (max-width: 2491px) 100vw, 2491px\" \/><\/figure><\/a><\/div>\n\n\n\n<p>Woche, 25.10.2023<\/p>\n\n\n\n<div><a href=\"https:\/\/www.europaschule-evropskasola.com\/wp-content\/uploads\/2023\/10\/woche_20231025.jpg\" class=\"td-modal-image\"><figure class=\"wp-block-image size-full is-resized\"><img loading=\"lazy\" decoding=\"async\" width=\"2521\" height=\"1808\" src=\"https:\/\/www.europaschule-evropskasola.com\/wp-content\/uploads\/2023\/10\/woche_20231025.jpg\" alt=\"\" class=\"wp-image-11274\" style=\"aspect-ratio:1.394358407079646;width:435px;height:auto\" srcset=\"https:\/\/www.europaschule-evropskasola.com\/wp-content\/uploads\/2023\/10\/woche_20231025.jpg 2521w, https:\/\/www.europaschule-evropskasola.com\/wp-content\/uploads\/2023\/10\/woche_20231025-768x551.jpg 768w, https:\/\/www.europaschule-evropskasola.com\/wp-content\/uploads\/2023\/10\/woche_20231025-1536x1102.jpg 1536w, https:\/\/www.europaschule-evropskasola.com\/wp-content\/uploads\/2023\/10\/woche_20231025-2048x1469.jpg 2048w, https:\/\/www.europaschule-evropskasola.com\/wp-content\/uploads\/2023\/10\/woche_20231025-696x499.jpg 696w, https:\/\/www.europaschule-evropskasola.com\/wp-content\/uploads\/2023\/10\/woche_20231025-1068x766.jpg 1068w, https:\/\/www.europaschule-evropskasola.com\/wp-content\/uploads\/2023\/10\/woche_20231025-1920x1377.jpg 1920w, https:\/\/www.europaschule-evropskasola.com\/wp-content\/uploads\/2023\/10\/woche_20231025-586x420.jpg 586w\" sizes=\"auto, (max-width: 2521px) 100vw, 2521px\" \/><\/figure><\/a><\/div>\n\n\n\n<p>Krone, 19.10.2023<\/p>\n\n\n\n<div><a href=\"https:\/\/www.europaschule-evropskasola.com\/wp-content\/uploads\/2023\/10\/IMG_3647.jpg\" class=\"td-modal-image\"><figure class=\"wp-block-image size-full is-resized\"><img loading=\"lazy\" decoding=\"async\" width=\"1312\" height=\"1869\" src=\"https:\/\/www.europaschule-evropskasola.com\/wp-content\/uploads\/2023\/10\/IMG_3647.jpg\" alt=\"\" class=\"wp-image-11270\" style=\"aspect-ratio:0.7019796682718031;width:420px;height:auto\" srcset=\"https:\/\/www.europaschule-evropskasola.com\/wp-content\/uploads\/2023\/10\/IMG_3647.jpg 1312w, https:\/\/www.europaschule-evropskasola.com\/wp-content\/uploads\/2023\/10\/IMG_3647-768x1094.jpg 768w, https:\/\/www.europaschule-evropskasola.com\/wp-content\/uploads\/2023\/10\/IMG_3647-1078x1536.jpg 1078w, https:\/\/www.europaschule-evropskasola.com\/wp-content\/uploads\/2023\/10\/IMG_3647-696x991.jpg 696w, https:\/\/www.europaschule-evropskasola.com\/wp-content\/uploads\/2023\/10\/IMG_3647-1068x1521.jpg 1068w, https:\/\/www.europaschule-evropskasola.com\/wp-content\/uploads\/2023\/10\/IMG_3647-295x420.jpg 295w\" sizes=\"auto, (max-width: 1312px) 100vw, 1312px\" \/><\/figure><\/a><\/div>\n\n\n\n<p>Novice, 06.04.2023<\/p>\n\n\n\n<div><a href=\"https:\/\/www.europaschule-evropskasola.com\/wp-content\/uploads\/2023\/10\/IMG_6210-scaled.jpg\" class=\"td-modal-image\"><figure class=\"wp-block-image size-full is-resized\"><img loading=\"lazy\" decoding=\"async\" width=\"2560\" height=\"1341\" src=\"https:\/\/www.europaschule-evropskasola.com\/wp-content\/uploads\/2023\/10\/IMG_6210-scaled.jpg\" alt=\"\" class=\"wp-image-11269\" style=\"aspect-ratio:1.909362549800797;width:428px;height:auto\" srcset=\"https:\/\/www.europaschule-evropskasola.com\/wp-content\/uploads\/2023\/10\/IMG_6210-scaled.jpg 2560w, https:\/\/www.europaschule-evropskasola.com\/wp-content\/uploads\/2023\/10\/IMG_6210-768x402.jpg 768w, https:\/\/www.europaschule-evropskasola.com\/wp-content\/uploads\/2023\/10\/IMG_6210-1536x804.jpg 1536w, https:\/\/www.europaschule-evropskasola.com\/wp-content\/uploads\/2023\/10\/IMG_6210-2048x1073.jpg 2048w, https:\/\/www.europaschule-evropskasola.com\/wp-content\/uploads\/2023\/10\/IMG_6210-696x365.jpg 696w, https:\/\/www.europaschule-evropskasola.com\/wp-content\/uploads\/2023\/10\/IMG_6210-1068x559.jpg 1068w, https:\/\/www.europaschule-evropskasola.com\/wp-content\/uploads\/2023\/10\/IMG_6210-1920x1006.jpg 1920w, https:\/\/www.europaschule-evropskasola.com\/wp-content\/uploads\/2023\/10\/IMG_6210-802x420.jpg 802w\" sizes=\"auto, (max-width: 2560px) 100vw, 2560px\" \/><\/figure><\/a><\/div>\n\n\n\n<p>Woche, 04.10.2023<\/p>\n\n\n\n<div><a href=\"https:\/\/www.europaschule-evropskasola.com\/wp-content\/uploads\/2023\/10\/woche_20231004-scaled.jpg\" class=\"td-modal-image\"><figure class=\"wp-block-image size-full is-resized\"><img loading=\"lazy\" decoding=\"async\" width=\"1895\" height=\"2560\" src=\"https:\/\/www.europaschule-evropskasola.com\/wp-content\/uploads\/2023\/10\/woche_20231004-scaled.jpg\" alt=\"\" class=\"wp-image-11204\" style=\"aspect-ratio:0.740234375;width:443px;height:auto\" srcset=\"https:\/\/www.europaschule-evropskasola.com\/wp-content\/uploads\/2023\/10\/woche_20231004-scaled.jpg 1895w, https:\/\/www.europaschule-evropskasola.com\/wp-content\/uploads\/2023\/10\/woche_20231004-768x1037.jpg 768w, https:\/\/www.europaschule-evropskasola.com\/wp-content\/uploads\/2023\/10\/woche_20231004-1137x1536.jpg 1137w, https:\/\/www.europaschule-evropskasola.com\/wp-content\/uploads\/2023\/10\/woche_20231004-1516x2048.jpg 1516w, https:\/\/www.europaschule-evropskasola.com\/wp-content\/uploads\/2023\/10\/woche_20231004-696x940.jpg 696w, https:\/\/www.europaschule-evropskasola.com\/wp-content\/uploads\/2023\/10\/woche_20231004-1068x1442.jpg 1068w, https:\/\/www.europaschule-evropskasola.com\/wp-content\/uploads\/2023\/10\/woche_20231004-1920x2593.jpg 1920w, https:\/\/www.europaschule-evropskasola.com\/wp-content\/uploads\/2023\/10\/woche_20231004-311x420.jpg 311w\" sizes=\"auto, (max-width: 1895px) 100vw, 1895px\" \/><\/figure><\/a><\/div>\n\n\n\n<div><a href=\"https:\/\/www.europaschule-evropskasola.com\/wp-content\/uploads\/2023\/10\/woche_20231004_3.jpg\" class=\"td-modal-image\"><figure class=\"wp-block-image size-full is-resized\"><img loading=\"lazy\" decoding=\"async\" width=\"2420\" height=\"1704\" src=\"https:\/\/www.europaschule-evropskasola.com\/wp-content\/uploads\/2023\/10\/woche_20231004_3.jpg\" alt=\"\" class=\"wp-image-11205\" style=\"aspect-ratio:1.42018779342723;width:449px;height:auto\" srcset=\"https:\/\/www.europaschule-evropskasola.com\/wp-content\/uploads\/2023\/10\/woche_20231004_3.jpg 2420w, https:\/\/www.europaschule-evropskasola.com\/wp-content\/uploads\/2023\/10\/woche_20231004_3-768x541.jpg 768w, https:\/\/www.europaschule-evropskasola.com\/wp-content\/uploads\/2023\/10\/woche_20231004_3-1536x1082.jpg 1536w, https:\/\/www.europaschule-evropskasola.com\/wp-content\/uploads\/2023\/10\/woche_20231004_3-2048x1442.jpg 2048w, https:\/\/www.europaschule-evropskasola.com\/wp-content\/uploads\/2023\/10\/woche_20231004_3-696x490.jpg 696w, https:\/\/www.europaschule-evropskasola.com\/wp-content\/uploads\/2023\/10\/woche_20231004_3-1068x752.jpg 1068w, https:\/\/www.europaschule-evropskasola.com\/wp-content\/uploads\/2023\/10\/woche_20231004_3-1920x1352.jpg 1920w, https:\/\/www.europaschule-evropskasola.com\/wp-content\/uploads\/2023\/10\/woche_20231004_3-596x420.jpg 596w, https:\/\/www.europaschule-evropskasola.com\/wp-content\/uploads\/2023\/10\/woche_20231004_3-100x70.jpg 100w\" sizes=\"auto, (max-width: 2420px) 100vw, 2420px\" \/><\/figure><\/a><\/div>\n","protected":false},"excerpt":{"rendered":"<p>Klick K\u00e4rnten, 03.07.2024 Klick K\u00e4rnten, 10.06.2024 Klick K\u00e4rnten, 09.06.2024 Woche, 05.06.2024 Krone, 01.06.2024 V\u00f6lkermarkter, 07.05.2024 Woche, 01.03.2024 ORF Online, 07.03.2024 ORF Online, 07.03.2024 ORF Online, 06.03.2024 Kleine Zeitung, 01.02.2024 Woche, 25.10.2023 Krone, 19.10.2023 Novice, 06.04.2023 Woche, 04.10.2023<\/p>\n","protected":false},"author":1,"featured_media":0,"parent":0,"menu_order":0,"comment_status":"closed","ping_status":"closed","template":"","meta":{"footnotes":""},"class_list":["post-11268","page","type-page","status-publish"],"_links":{"self":[{"href":"https:\/\/www.europaschule-evropskasola.com\/index.php?rest_route=\/wp\/v2\/pages\/11268","targetHints":{"allow":["GET"]}}],"collection":[{"href":"https:\/\/www.europaschule-evropskasola.com\/index.php?rest_route=\/wp\/v2\/pages"}],"about":[{"href":"https:\/\/www.europaschule-evropskasola.com\/index.php?rest_route=\/wp\/v2\/types\/page"}],"author":[{"embeddable":true,"href":"https:\/\/www.europaschule-evropskasola.com\/index.php?rest_route=\/wp\/v2\/users\/1"}],"replies":[{"embeddable":true,"href":"https:\/\/www.europaschule-evropskasola.com\/index.php?rest_route=%2Fwp%2Fv2%2Fcomments&post=11268"}],"version-history":[{"count":10,"href":"https:\/\/www.europaschule-evropskasola.com\/index.php?rest_route=\/wp\/v2\/pages\/11268\/revisions"}],"predecessor-version":[{"id":11901,"href":"https:\/\/www.europaschule-evropskasola.com\/index.php?rest_route=\/wp\/v2\/pages\/11268\/revisions\/11901"}],"wp:attachment":[{"href":"https:\/\/www.europaschule-evropskasola.com\/index.php?rest_route=%2Fwp%2Fv2%2Fmedia&parent=11268"}],"curies":[{"name":"wp","href":"https:\/\/api.w.org\/{rel}","templated":true}]}}