{"id":11958,"date":"2025-02-06T11:13:56","date_gmt":"2025-02-06T10:13:56","guid":{"rendered":"https:\/\/www.europaschule-evropskasola.com\/?page_id=11958"},"modified":"2025-10-02T07:20:06","modified_gmt":"2025-10-02T05:20:06","slug":"schulfrei-prosto-2025-2026","status":"publish","type":"page","link":"https:\/\/www.europaschule-evropskasola.com\/?page_id=11958","title":{"rendered":"Schulfrei | prosto 2025\/2026"},"content":{"rendered":"<p><strong>Schulautonome freie Tage \u2013 Avtonomni prosti dnevi<\/strong><\/p>\n<p>05.06.2026 (im Schulforum beschlossen\/sklep \u0161olskega foruma)<\/p>\n<p><strong>Ferien &#8211; Po\u010ditnice<\/strong><\/p>\n<table>\n<tbody>\n<tr>\n<td>Herbstferien\/Jesenske po\u010ditnice<\/td>\n<td>27.10.2025 \u2013 31.10.2025<\/td>\n<\/tr>\n<tr>\n<td>Weihnachtsferien\/Bo\u017ei\u010dne po\u010ditnice<\/td>\n<td>24.12.2025 \u2013 06.01.2026<\/td>\n<\/tr>\n<tr>\n<td>Semesterferien\/Semestralne po\u010ditnice<\/td>\n<td>09.02.2026 \u2013 14.02.2026<\/td>\n<\/tr>\n<tr>\n<td>Osterferien\/Velikono\u010dne po\u010ditnice<\/td>\n<td>28.03.2026 \u2013 06.04.2026<\/td>\n<\/tr>\n<tr>\n<td>Pfingstferien\/Binko\u0161ti<\/td>\n<td>23.05.2026 \u2013 25.05.2026<\/td>\n<\/tr>\n<tr>\n<td>Sommerferien\/Poletne po\u010ditnice<\/td>\n<td>11.07.2026 \u2013 13.09.2026<\/td>\n<\/tr>\n<\/tbody>\n<\/table>\n<p><strong>Schulfreie Tage und Feiertage \u2013 Prosti dnevi in prazniki<\/strong><\/p>\n<table>\n<tbody>\n<tr>\n<td>10.10.2025<\/td>\n<td>Landesfeiertag\/De\u017eelni praznik<\/td>\n<\/tr>\n<tr>\n<td>26.10.2025<\/td>\n<td>Nationalfeiertag\/Dr\u017eavni praznik<\/td>\n<\/tr>\n<tr>\n<td>01.11.2025<\/td>\n<td>Allerheiligen\/Dan vseh svetih<\/td>\n<\/tr>\n<tr>\n<td>02.11.2025<\/td>\n<td>Allerseelen\/Vernih du\u0161 dan<\/td>\n<\/tr>\n<tr>\n<td>08.12.2025<\/td>\n<td>Mari\u00e4 Empf\u00e4ngnis\/Marijino brezmade\u017eno spo\u010detje<\/td>\n<\/tr>\n<tr>\n<td>19.03.2026<\/td>\n<td>Josefi\/Sv. Jo\u017eef<\/td>\n<\/tr>\n<tr>\n<td>14.05.2026<\/td>\n<td>Christi Himmelfahrt\/Kristusov vnebohod<\/td>\n<\/tr>\n<tr>\n<td>04.06.2026<\/td>\n<td>Fronleichnam\/Re\u0161nje telo<\/td>\n<\/tr>\n<\/tbody>\n<\/table>\n","protected":false},"excerpt":{"rendered":"<p>Schulautonome freie Tage \u2013 Avtonomni prosti dnevi 05.06.2026 (im Schulforum beschlossen\/sklep \u0161olskega foruma) Ferien &#8211; Po\u010ditnice Herbstferien\/Jesenske po\u010ditnice 27.10.2025 \u2013 31.10.2025 Weihnachtsferien\/Bo\u017ei\u010dne po\u010ditnice 24.12.2025 \u2013 06.01.2026 Semesterferien\/Semestralne po\u010ditnice 09.02.2026 \u2013 14.02.2026 Osterferien\/Velikono\u010dne po\u010ditnice 28.03.2026 \u2013 06.04.2026 Pfingstferien\/Binko\u0161ti 23.05.2026 \u2013 25.05.2026 Sommerferien\/Poletne po\u010ditnice 11.07.2026 \u2013 13.09.2026 Schulfreie Tage und Feiertage \u2013 Prosti dnevi in prazniki 10.10.2025 [&hellip;]<\/p>\n","protected":false},"author":1,"featured_media":0,"parent":0,"menu_order":0,"comment_status":"closed","ping_status":"closed","template":"","meta":{"footnotes":""},"class_list":["post-11958","page","type-page","status-publish"],"_links":{"self":[{"href":"https:\/\/www.europaschule-evropskasola.com\/index.php?rest_route=\/wp\/v2\/pages\/11958","targetHints":{"allow":["GET"]}}],"collection":[{"href":"https:\/\/www.europaschule-evropskasola.com\/index.php?rest_route=\/wp\/v2\/pages"}],"about":[{"href":"https:\/\/www.europaschule-evropskasola.com\/index.php?rest_route=\/wp\/v2\/types\/page"}],"author":[{"embeddable":true,"href":"https:\/\/www.europaschule-evropskasola.com\/index.php?rest_route=\/wp\/v2\/users\/1"}],"replies":[{"embeddable":true,"href":"https:\/\/www.europaschule-evropskasola.com\/index.php?rest_route=%2Fwp%2Fv2%2Fcomments&post=11958"}],"version-history":[{"count":6,"href":"https:\/\/www.europaschule-evropskasola.com\/index.php?rest_route=\/wp\/v2\/pages\/11958\/revisions"}],"predecessor-version":[{"id":12330,"href":"https:\/\/www.europaschule-evropskasola.com\/index.php?rest_route=\/wp\/v2\/pages\/11958\/revisions\/12330"}],"wp:attachment":[{"href":"https:\/\/www.europaschule-evropskasola.com\/index.php?rest_route=%2Fwp%2Fv2%2Fmedia&parent=11958"}],"curies":[{"name":"wp","href":"https:\/\/api.w.org\/{rel}","templated":true}]}}