{"id":12054,"date":"2025-03-14T08:14:35","date_gmt":"2025-03-14T07:14:35","guid":{"rendered":"https:\/\/www.europaschule-evropskasola.com\/?page_id=12054"},"modified":"2025-12-03T06:52:31","modified_gmt":"2025-12-03T05:52:31","slug":"kindergesundheit-zdravje-otrok","status":"publish","type":"page","link":"https:\/\/www.europaschule-evropskasola.com\/?page_id=12054","title":{"rendered":"Kindergesundheit | zdravje otrok"},"content":{"rendered":"\n<p><strong>wohin <\/strong>&#8211; <strong>der K\u00e4rntner Soziallotse<\/strong> ist die zentrale Plattform f\u00fcr soziale Unterst\u00fctzung in K\u00e4rnten \u2013 kostenlos, anonym &amp; vertraulich.<br><strong>kam \u2013 Koro\u0161ki socialni vodnik<\/strong> je osrednja platforma za socialno podporo na Koro\u0161kem \u2013 brezpla\u010dno, anonimno in zaupno.<br><a href=\"https:\/\/wohin.or.at\/\"><strong>https:\/\/wohin.or.at\/<\/strong><\/a><br><\/p>\n\n\n\n<p><\/p>\n\n\n\n<p>Diese Einrichtungen bieten spezialisierte diagnostische und therapeutische Unterst\u00fctzung f\u00fcr Kinder und Jugendliche mit Entwicklungsauff\u00e4lligkeiten, Lernschwierigkeiten oder Verhaltensbesonderheiten.<br><br><em>Te ustanove nudijo specializirano diagnosti\u010dno in terapevtsko podporo otrokom in mladostnikom z razvojnimi posebnostmi, u\u010dnimi te\u017eavami ali vedenjskimi odstopanji.<\/em><\/p>\n\n\n\n<p><strong>Schulpsychologie V\u00f6lkermarkt\/Velikovec<br><\/strong>Bietet Unterst\u00fctzung bei schulischen und pers\u00f6nlichen Herausforderungen, Lernschwierigkeiten, Verhaltensauff\u00e4lligkeiten sowie psychischer Belastung. Das Angebot umfasst Beratung f\u00fcr Sch\u00fcler, Eltern und Lehrer sowie Diagnostik und Krisenintervention.<br><em>Nudi podporo pri \u0161olskih in osebnih izzivih, u\u010dnih te\u017eavah, vedenjskih posebnostih ter psihi\u010dnih obremenitvah. Ponuja svetovanje za u\u010dence, star\u0161e in u\u010ditelje ter diagnostiko in krizno intervencijo.<\/em><\/p>\n\n\n\n<p>Website: <a href=\"https:\/\/www.schulpsychologie.at\">https:\/\/www.schulpsychologie.at<\/a><br>Telefon: +43 50 534-14109<br>E-Mail: <a>sps-voe@bildung-ktn.gv.at<\/a><\/p>\n\n\n\n<hr class=\"wp-block-separator has-alpha-channel-opacity\"\/>\n\n\n\n<p><strong>Mini-Ambulatorium Wolfsberg &#8211; V\u00f6lkermarkt\/Velikovec<\/strong><br>Bietet interdisziplin\u00e4re Diagnostik und Therapie f\u00fcr Kinder mit Entwicklungsverz\u00f6gerungen, motorischen oder sprachlichen Auff\u00e4lligkeiten sowie psychischen Belastungen.<br><em>Nudi interdisciplinarno diagnostiko in terapijo za otroke z razvojnimi zaostanki, motori\u010dnimi ali govornimi posebnostmi ter psihi\u010dnimi obremenitvami.<\/em><\/p>\n\n\n\n<p>Website: <a href=\"https:\/\/www.promente-kijufa.at\/unsere-angebote\/ambulatorien\">https:\/\/www.promente-kijufa.at\/unsere-angebote\/ambulatorien<\/a><br>Telefon: +43 4352 37 700<br>E-Mail: <a>miniamb-wolfsberg@promente-kijufa.at<\/a><\/p>\n\n\n\n<hr class=\"wp-block-separator has-alpha-channel-opacity\"\/>\n\n\n\n<p><strong>Hand in Hand V\u00f6lkermarkt\/Velikovec<\/strong><br>Ist auf die Gesundheitsf\u00f6rderung und Entwicklung von Kindern spezialisiert. Das Angebot umfasst Diagnostik, Ergotherapie, Logop\u00e4die, Physiotherapie und psychologische Beratung.<br><em>Specializiran je za spodbujanje zdravja in razvoj otrok. Ponuja diagnostiko, delovno terapijo, logopedijo, fizioterapijo in psiholo\u0161ko svetovanje.<\/em><br><br>Website: <a href=\"https:\/\/www.handinhand-kindergesundheit.at\/\">https:\/\/www.handinhand-kindergesundheit.at\/<\/a><br>Telefon: 0660 8408020<br>E-Mail: <a>christina.kummer@handinhand-kindergesundheit.at<\/a><\/p>\n\n\n\n<hr class=\"wp-block-separator has-alpha-channel-opacity\"\/>\n\n\n\n<p><strong>Ambulatorium Kunterbunt Klagenfurt\/Celovec<\/strong><br>Bietet umfassende medizinische und therapeutische Betreuung f\u00fcr Kinder mit neurologischen, psychologischen oder entwicklungsbezogenen Herausforderungen. Hier arbeiten Fachkr\u00e4fte aus verschiedenen Bereichen zusammen, um individuelle F\u00f6rderpl\u00e4ne zu erstellen.<br><em>Nudi celovito medicinsko in terapevtsko oskrbo za otroke z nevrolo\u0161kimi, psiholo\u0161kimi ali razvojnimi izzivi. Strokovnjaki iz razli\u010dnih podro\u010dij sodelujejo pri oblikovanju individualnih na\u010drtov podpore.<\/em><\/p>\n\n\n\n<p>Website: <a href=\"http:\/\/www.ambulatorium-kunterbunt.at\/\">http:\/\/www.ambulatorium-kunterbunt.at\/<\/a><br>Telefon: +43 463 260606<br>E-Mail: <a>office@ambulatorium-kunterbunt.at<\/a><\/p>\n\n\n\n<hr class=\"wp-block-separator has-alpha-channel-opacity\"\/>\n\n\n\n<p><strong>NEU\/NOVO:<\/strong> <strong>Praxis Querkopf<\/strong> <strong>V\u00f6lkermarkt\/Velikovec<\/strong><br>Ist eine Gemeinschaftspraxis f\u00fcr Familienarbeit mit Fokus auf ADHS-Training und therapeutische Unterst\u00fctzung bei Verhaltens- und Entwicklungsst\u00f6rungen.<br><em>Je skupinska ordinacija za delo z dru\u017einami s poudarkom na treningu za ADHD in terapevtski podpori pri vedenjskih in razvojnih motnjah.<\/em><\/p>\n\n\n\n<p>Website: <a href=\"https:\/\/www.praxis-querkopf.at\">https:\/\/www.praxis-querkopf.at<\/a><br>Telefon: +43 660 85 81 415<br>E-Mail: <a>info@praxis-querkopf.at<\/a><\/p>\n","protected":false},"excerpt":{"rendered":"<p>wohin &#8211; der K\u00e4rntner Soziallotse ist die zentrale Plattform f\u00fcr soziale Unterst\u00fctzung in K\u00e4rnten \u2013 kostenlos, anonym &amp; vertraulich.kam \u2013 Koro\u0161ki socialni vodnik je osrednja platforma za socialno podporo na Koro\u0161kem \u2013 brezpla\u010dno, anonimno in zaupno.https:\/\/wohin.or.at\/ Diese Einrichtungen bieten spezialisierte diagnostische und therapeutische Unterst\u00fctzung f\u00fcr Kinder und Jugendliche mit Entwicklungsauff\u00e4lligkeiten, Lernschwierigkeiten oder Verhaltensbesonderheiten. Te ustanove [&hellip;]<\/p>\n","protected":false},"author":1,"featured_media":0,"parent":0,"menu_order":0,"comment_status":"closed","ping_status":"closed","template":"","meta":{"footnotes":""},"class_list":["post-12054","page","type-page","status-publish"],"_links":{"self":[{"href":"https:\/\/www.europaschule-evropskasola.com\/index.php?rest_route=\/wp\/v2\/pages\/12054","targetHints":{"allow":["GET"]}}],"collection":[{"href":"https:\/\/www.europaschule-evropskasola.com\/index.php?rest_route=\/wp\/v2\/pages"}],"about":[{"href":"https:\/\/www.europaschule-evropskasola.com\/index.php?rest_route=\/wp\/v2\/types\/page"}],"author":[{"embeddable":true,"href":"https:\/\/www.europaschule-evropskasola.com\/index.php?rest_route=\/wp\/v2\/users\/1"}],"replies":[{"embeddable":true,"href":"https:\/\/www.europaschule-evropskasola.com\/index.php?rest_route=%2Fwp%2Fv2%2Fcomments&post=12054"}],"version-history":[{"count":3,"href":"https:\/\/www.europaschule-evropskasola.com\/index.php?rest_route=\/wp\/v2\/pages\/12054\/revisions"}],"predecessor-version":[{"id":12419,"href":"https:\/\/www.europaschule-evropskasola.com\/index.php?rest_route=\/wp\/v2\/pages\/12054\/revisions\/12419"}],"wp:attachment":[{"href":"https:\/\/www.europaschule-evropskasola.com\/index.php?rest_route=%2Fwp%2Fv2%2Fmedia&parent=12054"}],"curies":[{"name":"wp","href":"https:\/\/api.w.org\/{rel}","templated":true}]}}