{"id":1315,"date":"2012-05-01T12:44:16","date_gmt":"2012-05-01T12:44:16","guid":{"rendered":"http:\/\/www.vs-st-michael.ksn.at\/?page_id=1315"},"modified":"2014-11-18T11:06:50","modified_gmt":"2014-11-18T10:06:50","slug":"interessante-literatur-zanimivo-ctivo","status":"publish","type":"page","link":"https:\/\/www.europaschule-evropskasola.com\/?page_id=1315","title":{"rendered":"Lesenswerte Artikel &#8211; Zanimivi \u010dlanki"},"content":{"rendered":"<p><strong>gesund.at, 13.11.2014<\/strong><\/p>\n<p><a href=\"http:\/\/www.gesund.at\/a\/zweisprachig-wie-gehirnjogging\" target=\"_blank\">So f\u00f6rdert Zweisprachigkeit die Gehirnleistung<\/a><\/p>\n<p><strong>ORF Online. 28.09.2014<\/strong><\/p>\n<p><strong><a href=\"http:\/\/ooe.orf.at\/news\/stories\/2670776\/\" target=\"_blank\">Was Mehrsprachigkeit im Gehirn macht<br \/>\n<\/a><\/strong>Mehrsprachige Kinder oder auch Erwachsene k\u00f6nnen Aufgaben auch leichter durchf\u00fchren, selbst wenn sogenannte St\u00f6rreize vorhanden sind.<br \/>\n<a href=\"http:\/\/ooe.orf.at\/news\/stories\/2670776\/\" target=\"_blank\">[weiterlesen&#8230; | beri naprej&#8230;]<\/a><\/p>\n<p><strong>Kleine Zeitung, 04.07.2014<\/strong><\/p>\n<p><strong><a title=\"Wie wollen wir leben?\" href=\"http:\/\/www.vs-st-michael.ksn.at\/wp-content\/uploads\/kleinezeitung_wiewollenwirleben.pdf\" target=\"_blank\">Wie wollen wir leben?<\/a><\/strong><br \/>\nAlles was kleine Menschen zu ihrer Entwicklung brauchen, Mu\u00dfe, Zeit f\u00fcr Freundschaften, und Langeweile, wird dem Diktat des Wettbewerbs und der Beschleunigung geopfert.<br \/>\n<a title=\"Wie wollen wir leben?\" href=\"http:\/\/www.vs-st-michael.ksn.at\/wp-content\/uploads\/kleinezeitung_wiewollenwirleben.pdf\" target=\"_blank\">[weiterlesen&#8230; | beri naprej&#8230;]<\/a><\/p>\n<p><strong>Kleine Zeitung, 04.12.2011<\/strong><\/p>\n<p><strong>Saludify, 11.05.2013<\/strong><\/p>\n<p><strong><a href=\"http:\/\/saludify.com\/bilingual-children-health-benefits\/\">Growing up bilingual is so good for you!<br \/>\n<\/a><\/strong>As the world we live in continues to diversify and becomes increasingly connected, individuals who are bilingual or who speak multiple languages seem to have an obvious advantage.<\/p>\n<p><strong>Der Spiegel, 01.05.2012<\/strong><\/p>\n<p id=\"spIntroTeaser\"><strong><a href=\"http:\/\/www.vs-st-michael.ksn.at\/wp-content\/uploads\/hirnforschung_spiegel_20120501.pdf\">Zweisprachigkeit trainiert das Geh\u00f6r<\/a><\/strong><br \/>\nMehrsprachig aufzuwachsen schult anscheinend auch die F\u00e4higkeit, Sprache von St\u00f6rger\u00e4uschen zu unterscheiden. Bei einem entsprechenden Test h\u00e4ngten bilinguale Jugendliche ihre einsprachig erzogenen Altersgenossen locker ab.<\/p>\n<p><a href=\"http:\/\/www.vs-st-michael.ksn.at\/wp-content\/uploads\/hirnforschung_spiegel_20120501.pdf\">[weiterlesen&#8230; | beri naprej&#8230;]<\/a><\/p>\n<p><strong>Kleine Zeitung, 04.12.2011<\/strong><\/p>\n<p><a href=\"http:\/\/www.vs-st-michael.ksn.at\/wp-content\/uploads\/kleinezeitung_dopingfuersgehirn_04122011.pdf\"><strong>Doping f\u00fcrs Gehirn<\/strong><\/a><br \/>\nWarum Einj\u00e4hrige die Rolle des Unterdr\u00fcckers w\u00e4hlen und bei 16-J\u00e4hrigen eine Gehirnregion w\u00e4chst. Gerald H\u00fcther \u00fcber \u201eD\u00fcnger\u201c f\u00fcr Kinder.<\/p>\n<p><a href=\"http:\/\/www.vs-st-michael.ksn.at\/wp-content\/uploads\/kleinezeitung_dopingfuersgehirn_04122011.pdf\">[weiterlesen&#8230; | beri naprej&#8230;]<\/a><\/p>\n<p><strong>Der Spiegel, 30.08.2011<\/strong><\/p>\n<p><a href=\"http:\/\/www.vs-st-michael.ksn.at\/wp-content\/uploads\/flexiblesgehirn_spiegel_20120830.pdf\"><strong>Gehirn Zweisprachiger bleibt l\u00e4nger flexibel<\/strong><\/a><br \/>\nBabys stimmen sich auf die Kl\u00e4nge der Muttersprache ein. Jetzt zeigen Tests mit S\u00e4uglingen, denen eine Kappe mit Messsonden aufgesetzt wurde: Das Gehirn zweisprachig Aufwachsender bleibt l\u00e4nger flexibel &#8211; um die Vielfalt der Sprachlaute verarbeiten zu k\u00f6nnen.<\/p>\n<p><a href=\"http:\/\/www.vs-st-michael.ksn.at\/wp-content\/uploads\/flexiblesgehirn_spiegel_20120830.pdf\">[weiterlesen&#8230; | beri naprej&#8230;]<\/a><\/p>\n<p>&nbsp;<\/p>\n","protected":false},"excerpt":{"rendered":"<p>gesund.at, 13.11.2014 So f\u00f6rdert Zweisprachigkeit die Gehirnleistung ORF Online. 28.09.2014 Was Mehrsprachigkeit im Gehirn macht Mehrsprachige Kinder oder auch Erwachsene k\u00f6nnen Aufgaben auch leichter durchf\u00fchren, selbst wenn sogenannte St\u00f6rreize vorhanden sind. [weiterlesen&#8230; | beri naprej&#8230;] Kleine Zeitung, 04.07.2014 Wie wollen wir leben? Alles was kleine Menschen zu ihrer Entwicklung brauchen, Mu\u00dfe, Zeit f\u00fcr Freundschaften, und [&hellip;]<\/p>\n","protected":false},"author":1,"featured_media":0,"parent":0,"menu_order":0,"comment_status":"open","ping_status":"open","template":"page_right_sidebar.php","meta":{"footnotes":""},"class_list":["post-1315","page","type-page","status-publish"],"_links":{"self":[{"href":"https:\/\/www.europaschule-evropskasola.com\/index.php?rest_route=\/wp\/v2\/pages\/1315","targetHints":{"allow":["GET"]}}],"collection":[{"href":"https:\/\/www.europaschule-evropskasola.com\/index.php?rest_route=\/wp\/v2\/pages"}],"about":[{"href":"https:\/\/www.europaschule-evropskasola.com\/index.php?rest_route=\/wp\/v2\/types\/page"}],"author":[{"embeddable":true,"href":"https:\/\/www.europaschule-evropskasola.com\/index.php?rest_route=\/wp\/v2\/users\/1"}],"replies":[{"embeddable":true,"href":"https:\/\/www.europaschule-evropskasola.com\/index.php?rest_route=%2Fwp%2Fv2%2Fcomments&post=1315"}],"version-history":[{"count":9,"href":"https:\/\/www.europaschule-evropskasola.com\/index.php?rest_route=\/wp\/v2\/pages\/1315\/revisions"}],"predecessor-version":[{"id":2721,"href":"https:\/\/www.europaschule-evropskasola.com\/index.php?rest_route=\/wp\/v2\/pages\/1315\/revisions\/2721"}],"wp:attachment":[{"href":"https:\/\/www.europaschule-evropskasola.com\/index.php?rest_route=%2Fwp%2Fv2%2Fmedia&parent=1315"}],"curies":[{"name":"wp","href":"https:\/\/api.w.org\/{rel}","templated":true}]}}