{"id":1441,"date":"2012-07-10T09:19:22","date_gmt":"2012-07-10T09:19:22","guid":{"rendered":"http:\/\/www.vs-st-michael.ksn.at\/?page_id=1441"},"modified":"2026-03-05T07:57:02","modified_gmt":"2026-03-05T06:57:02","slug":"osterbasar-des-hortes-velikonocni-bazar-varstva","status":"publish","type":"page","link":"https:\/\/www.europaschule-evropskasola.com\/?page_id=1441","title":{"rendered":"GTS"},"content":{"rendered":"\n<p>Seit dem Schuljahr 2020\/21 sind wir eine Ganztagsschule (GTS) und verf\u00fcgen \u00fcber ein vorbildhaftes Betreuungsangebot. Unsere Sch\u00fclerinnen und Sch\u00fcler k\u00f6nnen die Betreuung t\u00e4glich von 06:30 bis 17:00 in Anspruch nehmen.<\/p>\n\n\n\n<p>Od \u0161olskega leta 2020\/21 naprej smo celodnevna \u0161ola in nudimo odli\u010dno do- in popoldansko oskrbo.<br>Na\u0161e u\u010denke in u\u010denci lahko oskrbo koristijo vsak dan od 06:30 do 17:00.<\/p>\n\n\n\n<p><br><strong>Anmeldeformular\/prijavnica 2025\/26:<\/strong><\/p>\n\n\n\n<div class=\"wp-block-file\"><a id=\"wp-block-file--media-ea3a29ef-2f0b-4e0c-b6cb-96d27b1baccf\" href=\"https:\/\/www.europaschule-evropskasola.com\/wp-content\/uploads\/2025\/09\/Formular-GTS-Europaschule-SJ-25_26.pdf\">Formular GTS Europaschule SJ 25_26<\/a><a href=\"https:\/\/www.europaschule-evropskasola.com\/wp-content\/uploads\/2025\/09\/Formular-GTS-Europaschule-SJ-25_26.pdf\" class=\"wp-block-file__button wp-element-button\" download aria-describedby=\"wp-block-file--media-ea3a29ef-2f0b-4e0c-b6cb-96d27b1baccf\">Herunterladen<\/a><\/div>\n\n\n\n<p><br><strong>Anmeldeformular\/prijavnica 2026\/27:<\/strong><\/p>\n\n\n\n<div class=\"wp-block-file\"><a id=\"wp-block-file--media-c8e334c9-350f-464d-bea0-3c3396d5331e\" href=\"https:\/\/www.europaschule-evropskasola.com\/wp-content\/uploads\/2026\/03\/Formular-VS-GTS-Europaschule-SJ-26_27.pdf\">Formular GTS Europaschule SJ 26_27<\/a><a href=\"https:\/\/www.europaschule-evropskasola.com\/wp-content\/uploads\/2026\/03\/Formular-VS-GTS-Europaschule-SJ-26_27.pdf\" class=\"wp-block-file__button wp-element-button\" download aria-describedby=\"wp-block-file--media-c8e334c9-350f-464d-bea0-3c3396d5331e\">Herunterladen<\/a><\/div>\n\n\n\n<p><strong><strong>Telefon:<br><\/strong><\/strong>Anna Kapp (Leiterin)<br>0 676 &#8211; 89 90 54 03<\/p>\n\n\n\n<div class=\"wp-block-file\"><a id=\"wp-block-file--media-ce7047de-4ec2-4056-ad62-94495fc7a6ef\" href=\"https:\/\/www.europaschule-evropskasola.com\/wp-content\/uploads\/2026\/03\/GTS-Folder2.pdf\">GTS Folder<\/a><a href=\"https:\/\/www.europaschule-evropskasola.com\/wp-content\/uploads\/2026\/03\/GTS-Folder2.pdf\" class=\"wp-block-file__button wp-element-button\" download aria-describedby=\"wp-block-file--media-ce7047de-4ec2-4056-ad62-94495fc7a6ef\">Herunterladen<\/a><\/div>\n\n\n\n<p><\/p>\n\n\n\n<p><b>Telefon:<br><\/b>Anna Kapp (Leiterin)<br>0 676 &#8211; 89 90 54 03<\/p>\n","protected":false},"excerpt":{"rendered":"<p>Seit dem Schuljahr 2020\/21 sind wir eine Ganztagsschule (GTS) und verf\u00fcgen \u00fcber ein vorbildhaftes Betreuungsangebot. Unsere Sch\u00fclerinnen und Sch\u00fcler k\u00f6nnen die Betreuung t\u00e4glich von 06:30 bis 17:00 in Anspruch nehmen. Od \u0161olskega leta 2020\/21 naprej smo celodnevna \u0161ola in nudimo odli\u010dno do- in popoldansko oskrbo.Na\u0161e u\u010denke in u\u010denci lahko oskrbo koristijo vsak dan od 06:30 [&hellip;]<\/p>\n","protected":false},"author":1,"featured_media":0,"parent":751,"menu_order":0,"comment_status":"closed","ping_status":"closed","template":"","meta":{"footnotes":""},"class_list":["post-1441","page","type-page","status-publish"],"_links":{"self":[{"href":"https:\/\/www.europaschule-evropskasola.com\/index.php?rest_route=\/wp\/v2\/pages\/1441","targetHints":{"allow":["GET"]}}],"collection":[{"href":"https:\/\/www.europaschule-evropskasola.com\/index.php?rest_route=\/wp\/v2\/pages"}],"about":[{"href":"https:\/\/www.europaschule-evropskasola.com\/index.php?rest_route=\/wp\/v2\/types\/page"}],"author":[{"embeddable":true,"href":"https:\/\/www.europaschule-evropskasola.com\/index.php?rest_route=\/wp\/v2\/users\/1"}],"replies":[{"embeddable":true,"href":"https:\/\/www.europaschule-evropskasola.com\/index.php?rest_route=%2Fwp%2Fv2%2Fcomments&post=1441"}],"version-history":[{"count":37,"href":"https:\/\/www.europaschule-evropskasola.com\/index.php?rest_route=\/wp\/v2\/pages\/1441\/revisions"}],"predecessor-version":[{"id":12531,"href":"https:\/\/www.europaschule-evropskasola.com\/index.php?rest_route=\/wp\/v2\/pages\/1441\/revisions\/12531"}],"up":[{"embeddable":true,"href":"https:\/\/www.europaschule-evropskasola.com\/index.php?rest_route=\/wp\/v2\/pages\/751"}],"wp:attachment":[{"href":"https:\/\/www.europaschule-evropskasola.com\/index.php?rest_route=%2Fwp%2Fv2%2Fmedia&parent=1441"}],"curies":[{"name":"wp","href":"https:\/\/api.w.org\/{rel}","templated":true}]}}