{"id":1729,"date":"2012-11-19T13:02:57","date_gmt":"2012-11-19T12:02:57","guid":{"rendered":"http:\/\/www.vs-st-michael.ksn.at\/?page_id=1729"},"modified":"2021-09-30T11:57:51","modified_gmt":"2021-09-30T09:57:51","slug":"turnsaal-telovadnica","status":"publish","type":"page","link":"https:\/\/www.europaschule-evropskasola.com\/?page_id=1729","title":{"rendered":"Turnsaal | telovadnica"},"content":{"rendered":"<p>Unser sch\u00f6ner und gro\u00dfer Turnsaal wird auch von den Vereinen der Gemeinde gen\u00fctzt und ist st\u00e4ndig ausgelastet.<br \/>\nNa\u0161o lepo in veliko telovadnico koristijo tudi dru\u0161tva iz ob\u010dine in je tako stalno zasedena.<\/p>\n<p>Bei Fragen und Reservierungen wenden sie sich bitte an den Direktor oder die Gemeinde.<br \/>\n\u010ce imate vpra\u0161anja ali \u017eeljo po rezervaciji, se prosim javite pri ravnatelju ali pri ob\u010dini.<\/p>\n","protected":false},"excerpt":{"rendered":"<p>Unser sch\u00f6ner und gro\u00dfer Turnsaal wird auch von den Vereinen der Gemeinde gen\u00fctzt und ist st\u00e4ndig ausgelastet. Na\u0161o lepo in veliko telovadnico koristijo tudi dru\u0161tva iz ob\u010dine in je tako stalno zasedena. Bei Fragen und Reservierungen wenden sie sich bitte an den Direktor oder die Gemeinde. \u010ce imate vpra\u0161anja ali \u017eeljo po rezervaciji, se prosim [&hellip;]<\/p>\n","protected":false},"author":1,"featured_media":0,"parent":751,"menu_order":10,"comment_status":"open","ping_status":"open","template":"","meta":{"footnotes":""},"class_list":["post-1729","page","type-page","status-publish"],"_links":{"self":[{"href":"https:\/\/www.europaschule-evropskasola.com\/index.php?rest_route=\/wp\/v2\/pages\/1729","targetHints":{"allow":["GET"]}}],"collection":[{"href":"https:\/\/www.europaschule-evropskasola.com\/index.php?rest_route=\/wp\/v2\/pages"}],"about":[{"href":"https:\/\/www.europaschule-evropskasola.com\/index.php?rest_route=\/wp\/v2\/types\/page"}],"author":[{"embeddable":true,"href":"https:\/\/www.europaschule-evropskasola.com\/index.php?rest_route=\/wp\/v2\/users\/1"}],"replies":[{"embeddable":true,"href":"https:\/\/www.europaschule-evropskasola.com\/index.php?rest_route=%2Fwp%2Fv2%2Fcomments&post=1729"}],"version-history":[{"count":34,"href":"https:\/\/www.europaschule-evropskasola.com\/index.php?rest_route=\/wp\/v2\/pages\/1729\/revisions"}],"predecessor-version":[{"id":9103,"href":"https:\/\/www.europaschule-evropskasola.com\/index.php?rest_route=\/wp\/v2\/pages\/1729\/revisions\/9103"}],"up":[{"embeddable":true,"href":"https:\/\/www.europaschule-evropskasola.com\/index.php?rest_route=\/wp\/v2\/pages\/751"}],"wp:attachment":[{"href":"https:\/\/www.europaschule-evropskasola.com\/index.php?rest_route=%2Fwp%2Fv2%2Fmedia&parent=1729"}],"curies":[{"name":"wp","href":"https:\/\/api.w.org\/{rel}","templated":true}]}}