{"id":6038,"date":"2017-10-30T10:07:26","date_gmt":"2017-10-30T09:07:26","guid":{"rendered":"http:\/\/www.vs-st-michael.ksn.at\/?page_id=6038"},"modified":"2025-11-05T07:11:26","modified_gmt":"2025-11-05T06:11:26","slug":"schulordnung-solski-red","status":"publish","type":"page","link":"https:\/\/www.europaschule-evropskasola.com\/?page_id=6038","title":{"rendered":"Schulordnung | \u0160olski red"},"content":{"rendered":"<p><a href=\"https:\/\/www.ris.bka.gv.at\/GeltendeFassung.wxe?Abfrage=Bundesnormen&amp;Gesetzesnummer=20012587&amp;FassungVom=2024-09-01\">\u00d6sterreichische Schulordnung &#8211; Avstrijski \u0161olski red<\/a><\/p>\n<p>Die \u00f6sterreichische Schulordnung regelt den allgemeinen Schulbetrieb.<br \/>Avstrijski \u0161olski red ureja \u017eivljenje in delo v \u0161oli.<\/p>\n\n\n<div class=\"wp-block-file\"><a id=\"wp-block-file--media-aa4b2072-80b2-47b2-a5f3-fc45b4ca4c16\" href=\"https:\/\/www.europaschule-evropskasola.com\/wp-content\/uploads\/2025\/11\/Schulordnung-2025.pdf\">Hausordnung &#8211; Hi\u0161ni red<\/a><a href=\"https:\/\/www.europaschule-evropskasola.com\/wp-content\/uploads\/2025\/11\/Schulordnung-2025.pdf\" class=\"wp-block-file__button wp-element-button\" download aria-describedby=\"wp-block-file--media-aa4b2072-80b2-47b2-a5f3-fc45b4ca4c16\">Herunterladen &#8211; nalo\u017ei<\/a><\/div>\n\n\n\n<p>Die Hausordnung der Europaschule St. Michael ob Bleiburg wurde vom Schulforum einstimmig beschlossen.<br>Hi\u0161ni red Evropske \u0161ole \u0160mihel je bil od \u0161olskega foruma soglasno sprejet.<\/p>\n\n\n\n<p><\/p>\n","protected":false},"excerpt":{"rendered":"<p>\u00d6sterreichische Schulordnung &#8211; Avstrijski \u0161olski red Die \u00f6sterreichische Schulordnung regelt den allgemeinen Schulbetrieb.Avstrijski \u0161olski red ureja \u017eivljenje in delo v \u0161oli. Die Hausordnung der Europaschule St. Michael ob Bleiburg wurde vom Schulforum einstimmig beschlossen.Hi\u0161ni red Evropske \u0161ole \u0160mihel je bil od \u0161olskega foruma soglasno sprejet.<\/p>\n","protected":false},"author":1,"featured_media":0,"parent":0,"menu_order":0,"comment_status":"closed","ping_status":"closed","template":"","meta":{"footnotes":""},"class_list":["post-6038","page","type-page","status-publish"],"_links":{"self":[{"href":"https:\/\/www.europaschule-evropskasola.com\/index.php?rest_route=\/wp\/v2\/pages\/6038","targetHints":{"allow":["GET"]}}],"collection":[{"href":"https:\/\/www.europaschule-evropskasola.com\/index.php?rest_route=\/wp\/v2\/pages"}],"about":[{"href":"https:\/\/www.europaschule-evropskasola.com\/index.php?rest_route=\/wp\/v2\/types\/page"}],"author":[{"embeddable":true,"href":"https:\/\/www.europaschule-evropskasola.com\/index.php?rest_route=\/wp\/v2\/users\/1"}],"replies":[{"embeddable":true,"href":"https:\/\/www.europaschule-evropskasola.com\/index.php?rest_route=%2Fwp%2Fv2%2Fcomments&post=6038"}],"version-history":[{"count":11,"href":"https:\/\/www.europaschule-evropskasola.com\/index.php?rest_route=\/wp\/v2\/pages\/6038\/revisions"}],"predecessor-version":[{"id":12376,"href":"https:\/\/www.europaschule-evropskasola.com\/index.php?rest_route=\/wp\/v2\/pages\/6038\/revisions\/12376"}],"wp:attachment":[{"href":"https:\/\/www.europaschule-evropskasola.com\/index.php?rest_route=%2Fwp%2Fv2%2Fmedia&parent=6038"}],"curies":[{"name":"wp","href":"https:\/\/api.w.org\/{rel}","templated":true}]}}