{"id":9173,"date":"2021-10-15T08:03:56","date_gmt":"2021-10-15T06:03:56","guid":{"rendered":"https:\/\/www.europaschule-evropskasola.com\/?page_id=9173"},"modified":"2021-10-21T07:57:23","modified_gmt":"2021-10-21T05:57:23","slug":"presse-tisk-2020-21","status":"publish","type":"page","link":"https:\/\/www.europaschule-evropskasola.com\/?page_id=9173","title":{"rendered":"Presse | tisk 2020\/21"},"content":{"rendered":"<p>Biene aktuell, Juli 2021<\/p>\n<p><a href=\"https:\/\/www.europaschule-evropskasola.com\/wp-content\/uploads\/2021\/07\/bieneaktuell_202107.jpg\"><img loading=\"lazy\" decoding=\"async\" class=\"alignnone  wp-image-8998\" src=\"https:\/\/www.europaschule-evropskasola.com\/wp-content\/uploads\/2021\/07\/bieneaktuell_202107.jpg\" alt=\"\" width=\"550\" height=\"837\" srcset=\"https:\/\/www.europaschule-evropskasola.com\/wp-content\/uploads\/2021\/07\/bieneaktuell_202107.jpg 1314w, https:\/\/www.europaschule-evropskasola.com\/wp-content\/uploads\/2021\/07\/bieneaktuell_202107-768x1169.jpg 768w, https:\/\/www.europaschule-evropskasola.com\/wp-content\/uploads\/2021\/07\/bieneaktuell_202107-1009x1536.jpg 1009w, https:\/\/www.europaschule-evropskasola.com\/wp-content\/uploads\/2021\/07\/bieneaktuell_202107-696x1059.jpg 696w, https:\/\/www.europaschule-evropskasola.com\/wp-content\/uploads\/2021\/07\/bieneaktuell_202107-1068x1626.jpg 1068w, https:\/\/www.europaschule-evropskasola.com\/wp-content\/uploads\/2021\/07\/bieneaktuell_202107-276x420.jpg 276w\" sizes=\"auto, (max-width: 550px) 100vw, 550px\" \/><\/a><\/p>\n<p>Gemeindezeitung\/Bistri\u0161ke novice, Juni 2021<\/p>\n<p><a href=\"https:\/\/www.europaschule-evropskasola.com\/wp-content\/uploads\/2021\/06\/gemeindezeitung_202106-scaled.jpg\"><img loading=\"lazy\" decoding=\"async\" class=\"alignnone  wp-image-8972\" src=\"https:\/\/www.europaschule-evropskasola.com\/wp-content\/uploads\/2021\/06\/gemeindezeitung_202106-scaled.jpg\" alt=\"\" width=\"550\" height=\"752\" srcset=\"https:\/\/www.europaschule-evropskasola.com\/wp-content\/uploads\/2021\/06\/gemeindezeitung_202106-scaled.jpg 1873w, https:\/\/www.europaschule-evropskasola.com\/wp-content\/uploads\/2021\/06\/gemeindezeitung_202106-768x1049.jpg 768w, https:\/\/www.europaschule-evropskasola.com\/wp-content\/uploads\/2021\/06\/gemeindezeitung_202106-1124x1536.jpg 1124w, https:\/\/www.europaschule-evropskasola.com\/wp-content\/uploads\/2021\/06\/gemeindezeitung_202106-1499x2048.jpg 1499w, https:\/\/www.europaschule-evropskasola.com\/wp-content\/uploads\/2021\/06\/gemeindezeitung_202106-696x951.jpg 696w, https:\/\/www.europaschule-evropskasola.com\/wp-content\/uploads\/2021\/06\/gemeindezeitung_202106-1068x1459.jpg 1068w, https:\/\/www.europaschule-evropskasola.com\/wp-content\/uploads\/2021\/06\/gemeindezeitung_202106-1920x2624.jpg 1920w, https:\/\/www.europaschule-evropskasola.com\/wp-content\/uploads\/2021\/06\/gemeindezeitung_202106-307x420.jpg 307w\" sizes=\"auto, (max-width: 550px) 100vw, 550px\" \/><\/a><\/p>\n<p>Woche, 30.06.2021<\/p>\n<p><a href=\"https:\/\/www.europaschule-evropskasola.com\/wp-content\/uploads\/2021\/06\/woche_20210630-scaled.jpg\"><img loading=\"lazy\" decoding=\"async\" class=\"alignnone  wp-image-8969\" src=\"https:\/\/www.europaschule-evropskasola.com\/wp-content\/uploads\/2021\/06\/woche_20210630-scaled.jpg\" alt=\"\" width=\"550\" height=\"335\" srcset=\"https:\/\/www.europaschule-evropskasola.com\/wp-content\/uploads\/2021\/06\/woche_20210630-scaled.jpg 2560w, https:\/\/www.europaschule-evropskasola.com\/wp-content\/uploads\/2021\/06\/woche_20210630-768x468.jpg 768w, https:\/\/www.europaschule-evropskasola.com\/wp-content\/uploads\/2021\/06\/woche_20210630-1536x936.jpg 1536w, https:\/\/www.europaschule-evropskasola.com\/wp-content\/uploads\/2021\/06\/woche_20210630-2048x1248.jpg 2048w, https:\/\/www.europaschule-evropskasola.com\/wp-content\/uploads\/2021\/06\/woche_20210630-696x424.jpg 696w, https:\/\/www.europaschule-evropskasola.com\/wp-content\/uploads\/2021\/06\/woche_20210630-1068x651.jpg 1068w, https:\/\/www.europaschule-evropskasola.com\/wp-content\/uploads\/2021\/06\/woche_20210630-1920x1170.jpg 1920w, https:\/\/www.europaschule-evropskasola.com\/wp-content\/uploads\/2021\/06\/woche_20210630-689x420.jpg 689w\" sizes=\"auto, (max-width: 550px) 100vw, 550px\" \/><\/a><\/p>\n<p>Valid &amp; Invalid &#8211; K\u00f6per &amp; Staaten, Juni 2021<\/p>\n<p><a href=\"https:\/\/www.europaschule-evropskasola.com\/wp-content\/uploads\/2021\/06\/validinvalid_202106.jpg\"><img loading=\"lazy\" decoding=\"async\" class=\"alignnone  wp-image-8958\" src=\"https:\/\/www.europaschule-evropskasola.com\/wp-content\/uploads\/2021\/06\/validinvalid_202106.jpg\" alt=\"\" width=\"550\" height=\"389\" srcset=\"https:\/\/www.europaschule-evropskasola.com\/wp-content\/uploads\/2021\/06\/validinvalid_202106.jpg 2000w, https:\/\/www.europaschule-evropskasola.com\/wp-content\/uploads\/2021\/06\/validinvalid_202106-768x543.jpg 768w, https:\/\/www.europaschule-evropskasola.com\/wp-content\/uploads\/2021\/06\/validinvalid_202106-1536x1086.jpg 1536w, https:\/\/www.europaschule-evropskasola.com\/wp-content\/uploads\/2021\/06\/validinvalid_202106-696x492.jpg 696w, https:\/\/www.europaschule-evropskasola.com\/wp-content\/uploads\/2021\/06\/validinvalid_202106-1068x755.jpg 1068w, https:\/\/www.europaschule-evropskasola.com\/wp-content\/uploads\/2021\/06\/validinvalid_202106-1920x1357.jpg 1920w, https:\/\/www.europaschule-evropskasola.com\/wp-content\/uploads\/2021\/06\/validinvalid_202106-594x420.jpg 594w, https:\/\/www.europaschule-evropskasola.com\/wp-content\/uploads\/2021\/06\/validinvalid_202106-100x70.jpg 100w\" sizes=\"auto, (max-width: 550px) 100vw, 550px\" \/><\/a><\/p>\n<p>Nedelja, 30.05.2021<\/p>\n<p><a href=\"https:\/\/www.europaschule-evropskasola.com\/wp-content\/uploads\/2021\/05\/nedelja_20210530.jpg\"><img loading=\"lazy\" decoding=\"async\" class=\"alignnone  wp-image-8897\" src=\"https:\/\/www.europaschule-evropskasola.com\/wp-content\/uploads\/2021\/05\/nedelja_20210530.jpg\" alt=\"\" width=\"550\" height=\"554\" srcset=\"https:\/\/www.europaschule-evropskasola.com\/wp-content\/uploads\/2021\/05\/nedelja_20210530.jpg 1456w, https:\/\/www.europaschule-evropskasola.com\/wp-content\/uploads\/2021\/05\/nedelja_20210530-768x775.jpg 768w, https:\/\/www.europaschule-evropskasola.com\/wp-content\/uploads\/2021\/05\/nedelja_20210530-696x702.jpg 696w, https:\/\/www.europaschule-evropskasola.com\/wp-content\/uploads\/2021\/05\/nedelja_20210530-1068x1078.jpg 1068w, https:\/\/www.europaschule-evropskasola.com\/wp-content\/uploads\/2021\/05\/nedelja_20210530-416x420.jpg 416w\" sizes=\"auto, (max-width: 550px) 100vw, 550px\" \/><\/a><\/p>\n<p>Kleine Zeitung, 18.04.2021<\/p>\n<p><a href=\"https:\/\/www.europaschule-evropskasola.com\/wp-content\/uploads\/2021\/04\/kleinezeitung_20210418.jpg\"><img loading=\"lazy\" decoding=\"async\" class=\"alignnone  wp-image-8844\" src=\"https:\/\/www.europaschule-evropskasola.com\/wp-content\/uploads\/2021\/04\/kleinezeitung_20210418.jpg\" alt=\"\" width=\"548\" height=\"427\" srcset=\"https:\/\/www.europaschule-evropskasola.com\/wp-content\/uploads\/2021\/04\/kleinezeitung_20210418.jpg 1055w, https:\/\/www.europaschule-evropskasola.com\/wp-content\/uploads\/2021\/04\/kleinezeitung_20210418-768x598.jpg 768w, https:\/\/www.europaschule-evropskasola.com\/wp-content\/uploads\/2021\/04\/kleinezeitung_20210418-696x542.jpg 696w, https:\/\/www.europaschule-evropskasola.com\/wp-content\/uploads\/2021\/04\/kleinezeitung_20210418-539x420.jpg 539w\" sizes=\"auto, (max-width: 548px) 100vw, 548px\" \/><\/a><\/p>\n<p>Nedelja, 18.04.2021<\/p>\n<p><a href=\"https:\/\/www.europaschule-evropskasola.com\/wp-content\/uploads\/2021\/04\/nedelja_20210418-scaled.jpg\"><img loading=\"lazy\" decoding=\"async\" class=\"alignnone  wp-image-8840\" src=\"https:\/\/www.europaschule-evropskasola.com\/wp-content\/uploads\/2021\/04\/nedelja_20210418-scaled.jpg\" alt=\"\" width=\"550\" height=\"151\" srcset=\"https:\/\/www.europaschule-evropskasola.com\/wp-content\/uploads\/2021\/04\/nedelja_20210418-scaled.jpg 2560w, https:\/\/www.europaschule-evropskasola.com\/wp-content\/uploads\/2021\/04\/nedelja_20210418-768x210.jpg 768w, https:\/\/www.europaschule-evropskasola.com\/wp-content\/uploads\/2021\/04\/nedelja_20210418-1536x421.jpg 1536w, https:\/\/www.europaschule-evropskasola.com\/wp-content\/uploads\/2021\/04\/nedelja_20210418-2048x561.jpg 2048w, https:\/\/www.europaschule-evropskasola.com\/wp-content\/uploads\/2021\/04\/nedelja_20210418-696x191.jpg 696w, https:\/\/www.europaschule-evropskasola.com\/wp-content\/uploads\/2021\/04\/nedelja_20210418-1068x293.jpg 1068w, https:\/\/www.europaschule-evropskasola.com\/wp-content\/uploads\/2021\/04\/nedelja_20210418-1920x526.jpg 1920w, https:\/\/www.europaschule-evropskasola.com\/wp-content\/uploads\/2021\/04\/nedelja_20210418-1533x420.jpg 1533w\" sizes=\"auto, (max-width: 550px) 100vw, 550px\" \/><\/a><\/p>\n<p>Woche, 14.04.2021<\/p>\n<p><a href=\"https:\/\/www.europaschule-evropskasola.com\/wp-content\/uploads\/2021\/04\/woche_20210414.jpg\"><img loading=\"lazy\" decoding=\"async\" class=\"alignnone  wp-image-8834\" src=\"https:\/\/www.europaschule-evropskasola.com\/wp-content\/uploads\/2021\/04\/woche_20210414.jpg\" alt=\"\" width=\"551\" height=\"342\" srcset=\"https:\/\/www.europaschule-evropskasola.com\/wp-content\/uploads\/2021\/04\/woche_20210414.jpg 1923w, https:\/\/www.europaschule-evropskasola.com\/wp-content\/uploads\/2021\/04\/woche_20210414-768x477.jpg 768w, https:\/\/www.europaschule-evropskasola.com\/wp-content\/uploads\/2021\/04\/woche_20210414-1536x954.jpg 1536w, https:\/\/www.europaschule-evropskasola.com\/wp-content\/uploads\/2021\/04\/woche_20210414-696x432.jpg 696w, https:\/\/www.europaschule-evropskasola.com\/wp-content\/uploads\/2021\/04\/woche_20210414-1068x663.jpg 1068w, https:\/\/www.europaschule-evropskasola.com\/wp-content\/uploads\/2021\/04\/woche_20210414-1920x1192.jpg 1920w, https:\/\/www.europaschule-evropskasola.com\/wp-content\/uploads\/2021\/04\/woche_20210414-676x420.jpg 676w, https:\/\/www.europaschule-evropskasola.com\/wp-content\/uploads\/2021\/04\/woche_20210414-356x220.jpg 356w\" sizes=\"auto, (max-width: 551px) 100vw, 551px\" \/><\/a><\/p>\n<p>Kleine Zeitung online, 06.04.2021<\/p>\n<p><a href=\"https:\/\/www.europaschule-evropskasola.com\/wp-content\/uploads\/2021\/04\/kleinezeitung_online_20210406.png\"><img loading=\"lazy\" decoding=\"async\" class=\"alignnone  wp-image-8826\" src=\"https:\/\/www.europaschule-evropskasola.com\/wp-content\/uploads\/2021\/04\/kleinezeitung_online_20210406.png\" alt=\"\" width=\"549\" height=\"366\" srcset=\"https:\/\/www.europaschule-evropskasola.com\/wp-content\/uploads\/2021\/04\/kleinezeitung_online_20210406.png 1100w, https:\/\/www.europaschule-evropskasola.com\/wp-content\/uploads\/2021\/04\/kleinezeitung_online_20210406-768x512.png 768w, https:\/\/www.europaschule-evropskasola.com\/wp-content\/uploads\/2021\/04\/kleinezeitung_online_20210406-696x464.png 696w, https:\/\/www.europaschule-evropskasola.com\/wp-content\/uploads\/2021\/04\/kleinezeitung_online_20210406-1068x712.png 1068w, https:\/\/www.europaschule-evropskasola.com\/wp-content\/uploads\/2021\/04\/kleinezeitung_online_20210406-630x420.png 630w\" sizes=\"auto, (max-width: 549px) 100vw, 549px\" \/><\/a><\/p>\n<p>Klick K\u00e4rnten online, 02.04.2021<\/p>\n<p><a href=\"https:\/\/www.europaschule-evropskasola.com\/wp-content\/uploads\/2021\/04\/klickkaernten_online_20210406.png\"><img loading=\"lazy\" decoding=\"async\" class=\"alignnone  wp-image-8825\" src=\"https:\/\/www.europaschule-evropskasola.com\/wp-content\/uploads\/2021\/04\/klickkaernten_online_20210406.png\" alt=\"\" width=\"550\" height=\"444\" srcset=\"https:\/\/www.europaschule-evropskasola.com\/wp-content\/uploads\/2021\/04\/klickkaernten_online_20210406.png 980w, https:\/\/www.europaschule-evropskasola.com\/wp-content\/uploads\/2021\/04\/klickkaernten_online_20210406-768x620.png 768w, https:\/\/www.europaschule-evropskasola.com\/wp-content\/uploads\/2021\/04\/klickkaernten_online_20210406-696x562.png 696w, https:\/\/www.europaschule-evropskasola.com\/wp-content\/uploads\/2021\/04\/klickkaernten_online_20210406-520x420.png 520w\" sizes=\"auto, (max-width: 550px) 100vw, 550px\" \/><\/a><\/p>\n<p>Woche K\u00e4rnten, 10.02.2021<\/p>\n<p><a href=\"https:\/\/www.europaschule-evropskasola.com\/wp-content\/uploads\/2021\/02\/woche_20210210.jpg\"><img loading=\"lazy\" decoding=\"async\" class=\"alignnone  wp-image-8722\" src=\"https:\/\/www.europaschule-evropskasola.com\/wp-content\/uploads\/2021\/02\/woche_20210210.jpg\" alt=\"\" width=\"550\" height=\"751\" srcset=\"https:\/\/www.europaschule-evropskasola.com\/wp-content\/uploads\/2021\/02\/woche_20210210.jpg 1742w, https:\/\/www.europaschule-evropskasola.com\/wp-content\/uploads\/2021\/02\/woche_20210210-768x1048.jpg 768w, https:\/\/www.europaschule-evropskasola.com\/wp-content\/uploads\/2021\/02\/woche_20210210-1125x1536.jpg 1125w, https:\/\/www.europaschule-evropskasola.com\/wp-content\/uploads\/2021\/02\/woche_20210210-1500x2048.jpg 1500w, https:\/\/www.europaschule-evropskasola.com\/wp-content\/uploads\/2021\/02\/woche_20210210-696x950.jpg 696w, https:\/\/www.europaschule-evropskasola.com\/wp-content\/uploads\/2021\/02\/woche_20210210-1068x1458.jpg 1068w, https:\/\/www.europaschule-evropskasola.com\/wp-content\/uploads\/2021\/02\/woche_20210210-308x420.jpg 308w\" sizes=\"auto, (max-width: 550px) 100vw, 550px\" \/><\/a><\/p>\n<p>Kronen Zeitung, 02.02.2021<\/p>\n<p><a href=\"https:\/\/www.europaschule-evropskasola.com\/wp-content\/uploads\/2021\/02\/krone_20210202.jpg\"><img loading=\"lazy\" decoding=\"async\" class=\"alignnone  wp-image-8720\" src=\"https:\/\/www.europaschule-evropskasola.com\/wp-content\/uploads\/2021\/02\/krone_20210202.jpg\" alt=\"\" width=\"226\" height=\"764\" srcset=\"https:\/\/www.europaschule-evropskasola.com\/wp-content\/uploads\/2021\/02\/krone_20210202.jpg 630w, https:\/\/www.europaschule-evropskasola.com\/wp-content\/uploads\/2021\/02\/krone_20210202-454x1536.jpg 454w, https:\/\/www.europaschule-evropskasola.com\/wp-content\/uploads\/2021\/02\/krone_20210202-606x2048.jpg 606w, https:\/\/www.europaschule-evropskasola.com\/wp-content\/uploads\/2021\/02\/krone_20210202-124x420.jpg 124w\" sizes=\"auto, (max-width: 226px) 100vw, 226px\" \/><\/a><\/p>\n<p>Schulsport Jahresbericht 2020<\/p>\n<p><a href=\"https:\/\/www.europaschule-evropskasola.com\/wp-content\/uploads\/2020\/10\/schulsport_jahresbericht_2020.jpg\"><img loading=\"lazy\" decoding=\"async\" class=\"alignnone  wp-image-8533\" src=\"https:\/\/www.europaschule-evropskasola.com\/wp-content\/uploads\/2020\/10\/schulsport_jahresbericht_2020.jpg\" alt=\"\" width=\"551\" height=\"825\" srcset=\"https:\/\/www.europaschule-evropskasola.com\/wp-content\/uploads\/2020\/10\/schulsport_jahresbericht_2020.jpg 1500w, https:\/\/www.europaschule-evropskasola.com\/wp-content\/uploads\/2020\/10\/schulsport_jahresbericht_2020-768x1150.jpg 768w, https:\/\/www.europaschule-evropskasola.com\/wp-content\/uploads\/2020\/10\/schulsport_jahresbericht_2020-1026x1536.jpg 1026w, https:\/\/www.europaschule-evropskasola.com\/wp-content\/uploads\/2020\/10\/schulsport_jahresbericht_2020-1368x2048.jpg 1368w, https:\/\/www.europaschule-evropskasola.com\/wp-content\/uploads\/2020\/10\/schulsport_jahresbericht_2020-696x1042.jpg 696w, https:\/\/www.europaschule-evropskasola.com\/wp-content\/uploads\/2020\/10\/schulsport_jahresbericht_2020-1068x1599.jpg 1068w, https:\/\/www.europaschule-evropskasola.com\/wp-content\/uploads\/2020\/10\/schulsport_jahresbericht_2020-280x420.jpg 280w\" sizes=\"auto, (max-width: 551px) 100vw, 551px\" \/><\/a><\/p>\n<p>V\u00f6lkermarkter, 01.10.2020<\/p>\n<p><a href=\"https:\/\/www.europaschule-evropskasola.com\/wp-content\/uploads\/2020\/10\/voelkermarkter_20201001.png\"><img loading=\"lazy\" decoding=\"async\" class=\"alignnone  wp-image-8502\" src=\"https:\/\/www.europaschule-evropskasola.com\/wp-content\/uploads\/2020\/10\/voelkermarkter_20201001.png\" alt=\"\" width=\"581\" height=\"386\" srcset=\"https:\/\/www.europaschule-evropskasola.com\/wp-content\/uploads\/2020\/10\/voelkermarkter_20201001.png 1479w, https:\/\/www.europaschule-evropskasola.com\/wp-content\/uploads\/2020\/10\/voelkermarkter_20201001-768x510.png 768w, https:\/\/www.europaschule-evropskasola.com\/wp-content\/uploads\/2020\/10\/voelkermarkter_20201001-696x463.png 696w, https:\/\/www.europaschule-evropskasola.com\/wp-content\/uploads\/2020\/10\/voelkermarkter_20201001-1068x710.png 1068w, https:\/\/www.europaschule-evropskasola.com\/wp-content\/uploads\/2020\/10\/voelkermarkter_20201001-632x420.png 632w\" sizes=\"auto, (max-width: 581px) 100vw, 581px\" \/><\/a><\/p>\n<p>&nbsp;<\/p>\n\n\n<p><\/p>\n","protected":false},"excerpt":{"rendered":"<p>Biene aktuell, Juli 2021 Gemeindezeitung\/Bistri\u0161ke novice, Juni 2021 Woche, 30.06.2021 Valid &amp; Invalid &#8211; K\u00f6per &amp; Staaten, Juni 2021 Nedelja, 30.05.2021 Kleine Zeitung, 18.04.2021 Nedelja, 18.04.2021 Woche, 14.04.2021 Kleine Zeitung online, 06.04.2021 Klick K\u00e4rnten online, 02.04.2021 Woche K\u00e4rnten, 10.02.2021 Kronen Zeitung, 02.02.2021 Schulsport Jahresbericht 2020 V\u00f6lkermarkter, 01.10.2020 &nbsp;<\/p>\n","protected":false},"author":1,"featured_media":0,"parent":0,"menu_order":10,"comment_status":"open","ping_status":"closed","template":"","meta":{"footnotes":""},"class_list":["post-9173","page","type-page","status-publish"],"_links":{"self":[{"href":"https:\/\/www.europaschule-evropskasola.com\/index.php?rest_route=\/wp\/v2\/pages\/9173","targetHints":{"allow":["GET"]}}],"collection":[{"href":"https:\/\/www.europaschule-evropskasola.com\/index.php?rest_route=\/wp\/v2\/pages"}],"about":[{"href":"https:\/\/www.europaschule-evropskasola.com\/index.php?rest_route=\/wp\/v2\/types\/page"}],"author":[{"embeddable":true,"href":"https:\/\/www.europaschule-evropskasola.com\/index.php?rest_route=\/wp\/v2\/users\/1"}],"replies":[{"embeddable":true,"href":"https:\/\/www.europaschule-evropskasola.com\/index.php?rest_route=%2Fwp%2Fv2%2Fcomments&post=9173"}],"version-history":[{"count":4,"href":"https:\/\/www.europaschule-evropskasola.com\/index.php?rest_route=\/wp\/v2\/pages\/9173\/revisions"}],"predecessor-version":[{"id":9258,"href":"https:\/\/www.europaschule-evropskasola.com\/index.php?rest_route=\/wp\/v2\/pages\/9173\/revisions\/9258"}],"wp:attachment":[{"href":"https:\/\/www.europaschule-evropskasola.com\/index.php?rest_route=%2Fwp%2Fv2%2Fmedia&parent=9173"}],"curies":[{"name":"wp","href":"https:\/\/api.w.org\/{rel}","templated":true}]}}