{"id":9178,"date":"2021-10-15T08:11:06","date_gmt":"2021-10-15T06:11:06","guid":{"rendered":"https:\/\/www.europaschule-evropskasola.com\/?page_id=9178"},"modified":"2021-10-21T07:56:16","modified_gmt":"2021-10-21T05:56:16","slug":"presse-tisk-2019-20","status":"publish","type":"page","link":"https:\/\/www.europaschule-evropskasola.com\/?page_id=9178","title":{"rendered":"Presse | tisk 2019\/20"},"content":{"rendered":"<p>Woche, 09.07.2020<\/p>\n<p><a href=\"http:\/\/www.europaschule-evropskasola.com\/wp-content\/uploads\/2020\/07\/woche_20200709.jpg\"><img loading=\"lazy\" decoding=\"async\" class=\"alignnone  wp-image-8445\" src=\"http:\/\/www.europaschule-evropskasola.com\/wp-content\/uploads\/2020\/07\/woche_20200709.jpg\" alt=\"\" width=\"600\" height=\"256\" srcset=\"https:\/\/www.europaschule-evropskasola.com\/wp-content\/uploads\/2020\/07\/woche_20200709.jpg 1200w, https:\/\/www.europaschule-evropskasola.com\/wp-content\/uploads\/2020\/07\/woche_20200709-768x328.jpg 768w, https:\/\/www.europaschule-evropskasola.com\/wp-content\/uploads\/2020\/07\/woche_20200709-696x297.jpg 696w, https:\/\/www.europaschule-evropskasola.com\/wp-content\/uploads\/2020\/07\/woche_20200709-1068x456.jpg 1068w, https:\/\/www.europaschule-evropskasola.com\/wp-content\/uploads\/2020\/07\/woche_20200709-984x420.jpg 984w\" sizes=\"auto, (max-width: 600px) 100vw, 600px\" \/><\/a><\/p>\n<p>V\u00f6lkermarkter, 09.07.2020<\/p>\n<p><a href=\"http:\/\/www.europaschule-evropskasola.com\/wp-content\/uploads\/2020\/07\/voelkermarkter_20200709.jpg\"><img loading=\"lazy\" decoding=\"async\" class=\"alignnone  wp-image-8443\" src=\"http:\/\/www.europaschule-evropskasola.com\/wp-content\/uploads\/2020\/07\/voelkermarkter_20200709.jpg\" alt=\"\" width=\"600\" height=\"542\" srcset=\"https:\/\/www.europaschule-evropskasola.com\/wp-content\/uploads\/2020\/07\/voelkermarkter_20200709.jpg 1096w, https:\/\/www.europaschule-evropskasola.com\/wp-content\/uploads\/2020\/07\/voelkermarkter_20200709-768x693.jpg 768w, https:\/\/www.europaschule-evropskasola.com\/wp-content\/uploads\/2020\/07\/voelkermarkter_20200709-696x628.jpg 696w, https:\/\/www.europaschule-evropskasola.com\/wp-content\/uploads\/2020\/07\/voelkermarkter_20200709-1068x964.jpg 1068w, https:\/\/www.europaschule-evropskasola.com\/wp-content\/uploads\/2020\/07\/voelkermarkter_20200709-465x420.jpg 465w\" sizes=\"auto, (max-width: 600px) 100vw, 600px\" \/><\/a><\/p>\n<p>Kronen Zeitung, 02.07.2020<\/p>\n<p><a href=\"http:\/\/www.europaschule-evropskasola.com\/wp-content\/uploads\/2020\/07\/kronenzeitung_20200702.jpg\"><img loading=\"lazy\" decoding=\"async\" class=\"alignnone  wp-image-8431\" src=\"http:\/\/www.europaschule-evropskasola.com\/wp-content\/uploads\/2020\/07\/kronenzeitung_20200702.jpg\" alt=\"\" width=\"651\" height=\"953\" srcset=\"https:\/\/www.europaschule-evropskasola.com\/wp-content\/uploads\/2020\/07\/kronenzeitung_20200702.jpg 1210w, https:\/\/www.europaschule-evropskasola.com\/wp-content\/uploads\/2020\/07\/kronenzeitung_20200702-768x1124.jpg 768w, https:\/\/www.europaschule-evropskasola.com\/wp-content\/uploads\/2020\/07\/kronenzeitung_20200702-1049x1536.jpg 1049w, https:\/\/www.europaschule-evropskasola.com\/wp-content\/uploads\/2020\/07\/kronenzeitung_20200702-696x1019.jpg 696w, https:\/\/www.europaschule-evropskasola.com\/wp-content\/uploads\/2020\/07\/kronenzeitung_20200702-1068x1563.jpg 1068w, https:\/\/www.europaschule-evropskasola.com\/wp-content\/uploads\/2020\/07\/kronenzeitung_20200702-287x420.jpg 287w\" sizes=\"auto, (max-width: 651px) 100vw, 651px\" \/><\/a><\/p>\n<p>Nedelja, 25.06.2020<\/p>\n<p><a href=\"http:\/\/www.europaschule-evropskasola.com\/wp-content\/uploads\/2020\/06\/nedelja_20200625-scaled.jpg\"><img loading=\"lazy\" decoding=\"async\" class=\"alignnone  wp-image-8419\" src=\"http:\/\/www.europaschule-evropskasola.com\/wp-content\/uploads\/2020\/06\/nedelja_20200625-scaled.jpg\" alt=\"\" width=\"637\" height=\"539\" srcset=\"https:\/\/www.europaschule-evropskasola.com\/wp-content\/uploads\/2020\/06\/nedelja_20200625-scaled.jpg 2560w, https:\/\/www.europaschule-evropskasola.com\/wp-content\/uploads\/2020\/06\/nedelja_20200625-768x649.jpg 768w, https:\/\/www.europaschule-evropskasola.com\/wp-content\/uploads\/2020\/06\/nedelja_20200625-1536x1298.jpg 1536w, https:\/\/www.europaschule-evropskasola.com\/wp-content\/uploads\/2020\/06\/nedelja_20200625-2048x1731.jpg 2048w, https:\/\/www.europaschule-evropskasola.com\/wp-content\/uploads\/2020\/06\/nedelja_20200625-696x588.jpg 696w, https:\/\/www.europaschule-evropskasola.com\/wp-content\/uploads\/2020\/06\/nedelja_20200625-1068x903.jpg 1068w, https:\/\/www.europaschule-evropskasola.com\/wp-content\/uploads\/2020\/06\/nedelja_20200625-1920x1623.jpg 1920w, https:\/\/www.europaschule-evropskasola.com\/wp-content\/uploads\/2020\/06\/nedelja_20200625-497x420.jpg 497w\" sizes=\"auto, (max-width: 637px) 100vw, 637px\" \/><\/a><\/p>\n<p>Woche, 10.06.2020<\/p>\n<p><img loading=\"lazy\" decoding=\"async\" class=\"alignnone  wp-image-8407\" src=\"http:\/\/www.europaschule-evropskasola.com\/wp-content\/uploads\/2020\/06\/woche_20200610-scaled.jpg\" alt=\"\" width=\"246\" height=\"1293\" srcset=\"https:\/\/www.europaschule-evropskasola.com\/wp-content\/uploads\/2020\/06\/woche_20200610-scaled.jpg 487w, https:\/\/www.europaschule-evropskasola.com\/wp-content\/uploads\/2020\/06\/woche_20200610-292x1536.jpg 292w, https:\/\/www.europaschule-evropskasola.com\/wp-content\/uploads\/2020\/06\/woche_20200610-80x420.jpg 80w\" sizes=\"auto, (max-width: 246px) 100vw, 246px\" \/><\/p>\n<p>V\u00f6lkermarkter, 10.06.2020<\/p>\n<p><img loading=\"lazy\" decoding=\"async\" class=\"alignnone  wp-image-8405\" src=\"http:\/\/www.europaschule-evropskasola.com\/wp-content\/uploads\/2020\/06\/voelkermarkter_20200610.jpg\" alt=\"\" width=\"699\" height=\"472\" srcset=\"https:\/\/www.europaschule-evropskasola.com\/wp-content\/uploads\/2020\/06\/voelkermarkter_20200610.jpg 2259w, https:\/\/www.europaschule-evropskasola.com\/wp-content\/uploads\/2020\/06\/voelkermarkter_20200610-768x519.jpg 768w, https:\/\/www.europaschule-evropskasola.com\/wp-content\/uploads\/2020\/06\/voelkermarkter_20200610-1536x1039.jpg 1536w, https:\/\/www.europaschule-evropskasola.com\/wp-content\/uploads\/2020\/06\/voelkermarkter_20200610-2048x1385.jpg 2048w, https:\/\/www.europaschule-evropskasola.com\/wp-content\/uploads\/2020\/06\/voelkermarkter_20200610-696x471.jpg 696w, https:\/\/www.europaschule-evropskasola.com\/wp-content\/uploads\/2020\/06\/voelkermarkter_20200610-1068x722.jpg 1068w, https:\/\/www.europaschule-evropskasola.com\/wp-content\/uploads\/2020\/06\/voelkermarkter_20200610-1920x1299.jpg 1920w, https:\/\/www.europaschule-evropskasola.com\/wp-content\/uploads\/2020\/06\/voelkermarkter_20200610-621x420.jpg 621w\" sizes=\"auto, (max-width: 699px) 100vw, 699px\" \/><\/p>\n<p>V\u00f6lkermarkter, 01.06.2020<\/p>\n<p><img loading=\"lazy\" decoding=\"async\" class=\"alignnone size-full wp-image-8388\" src=\"http:\/\/www.europaschule-evropskasola.com\/wp-content\/uploads\/2020\/06\/voelkermarkter_20200601.jpg\" alt=\"\" width=\"704\" height=\"1134\" srcset=\"https:\/\/www.europaschule-evropskasola.com\/wp-content\/uploads\/2020\/06\/voelkermarkter_20200601.jpg 704w, https:\/\/www.europaschule-evropskasola.com\/wp-content\/uploads\/2020\/06\/voelkermarkter_20200601-696x1121.jpg 696w, https:\/\/www.europaschule-evropskasola.com\/wp-content\/uploads\/2020\/06\/voelkermarkter_20200601-261x420.jpg 261w\" sizes=\"auto, (max-width: 704px) 100vw, 704px\" \/><\/p>\n<p>V\u00f6lkermarkter, 18.12.2019<\/p>\n<p><a href=\"http:\/\/www.europaschule-evropskasola.com\/wp-content\/uploads\/2019\/12\/voelkermarkter_20191218_02.jpg\"><img loading=\"lazy\" decoding=\"async\" class=\"alignnone  wp-image-8070\" src=\"http:\/\/www.europaschule-evropskasola.com\/wp-content\/uploads\/2019\/12\/voelkermarkter_20191218_02.jpg\" alt=\"\" width=\"451\" height=\"309\" srcset=\"https:\/\/www.europaschule-evropskasola.com\/wp-content\/uploads\/2019\/12\/voelkermarkter_20191218_02.jpg 2219w, https:\/\/www.europaschule-evropskasola.com\/wp-content\/uploads\/2019\/12\/voelkermarkter_20191218_02-768x526.jpg 768w, https:\/\/www.europaschule-evropskasola.com\/wp-content\/uploads\/2019\/12\/voelkermarkter_20191218_02-218x150.jpg 218w, https:\/\/www.europaschule-evropskasola.com\/wp-content\/uploads\/2019\/12\/voelkermarkter_20191218_02-696x477.jpg 696w, https:\/\/www.europaschule-evropskasola.com\/wp-content\/uploads\/2019\/12\/voelkermarkter_20191218_02-1068x732.jpg 1068w, https:\/\/www.europaschule-evropskasola.com\/wp-content\/uploads\/2019\/12\/voelkermarkter_20191218_02-613x420.jpg 613w, https:\/\/www.europaschule-evropskasola.com\/wp-content\/uploads\/2019\/12\/voelkermarkter_20191218_02-100x70.jpg 100w\" sizes=\"auto, (max-width: 451px) 100vw, 451px\" \/><\/a><\/p>\n<p>V\u00f6lkermarkter, 18.12.2019<\/p>\n<p><a href=\"http:\/\/www.europaschule-evropskasola.com\/wp-content\/uploads\/2019\/12\/voelkermarkter_20191218_01.jpg\"><img loading=\"lazy\" decoding=\"async\" class=\"alignnone  wp-image-8071\" src=\"http:\/\/www.europaschule-evropskasola.com\/wp-content\/uploads\/2019\/12\/voelkermarkter_20191218_01.jpg\" alt=\"\" width=\"450\" height=\"194\" srcset=\"https:\/\/www.europaschule-evropskasola.com\/wp-content\/uploads\/2019\/12\/voelkermarkter_20191218_01.jpg 2295w, https:\/\/www.europaschule-evropskasola.com\/wp-content\/uploads\/2019\/12\/voelkermarkter_20191218_01-768x331.jpg 768w, https:\/\/www.europaschule-evropskasola.com\/wp-content\/uploads\/2019\/12\/voelkermarkter_20191218_01-696x300.jpg 696w, https:\/\/www.europaschule-evropskasola.com\/wp-content\/uploads\/2019\/12\/voelkermarkter_20191218_01-1068x460.jpg 1068w, https:\/\/www.europaschule-evropskasola.com\/wp-content\/uploads\/2019\/12\/voelkermarkter_20191218_01-976x420.jpg 976w\" sizes=\"auto, (max-width: 450px) 100vw, 450px\" \/><\/a><\/p>\n<p>&nbsp;<\/p>\n\n\n<p><\/p>\n","protected":false},"excerpt":{"rendered":"<p>Woche, 09.07.2020 V\u00f6lkermarkter, 09.07.2020 Kronen Zeitung, 02.07.2020 Nedelja, 25.06.2020 Woche, 10.06.2020 V\u00f6lkermarkter, 10.06.2020 V\u00f6lkermarkter, 01.06.2020 V\u00f6lkermarkter, 18.12.2019 V\u00f6lkermarkter, 18.12.2019 &nbsp;<\/p>\n","protected":false},"author":1,"featured_media":0,"parent":0,"menu_order":10,"comment_status":"open","ping_status":"closed","template":"","meta":{"footnotes":""},"class_list":["post-9178","page","type-page","status-publish"],"_links":{"self":[{"href":"https:\/\/www.europaschule-evropskasola.com\/index.php?rest_route=\/wp\/v2\/pages\/9178","targetHints":{"allow":["GET"]}}],"collection":[{"href":"https:\/\/www.europaschule-evropskasola.com\/index.php?rest_route=\/wp\/v2\/pages"}],"about":[{"href":"https:\/\/www.europaschule-evropskasola.com\/index.php?rest_route=\/wp\/v2\/types\/page"}],"author":[{"embeddable":true,"href":"https:\/\/www.europaschule-evropskasola.com\/index.php?rest_route=\/wp\/v2\/users\/1"}],"replies":[{"embeddable":true,"href":"https:\/\/www.europaschule-evropskasola.com\/index.php?rest_route=%2Fwp%2Fv2%2Fcomments&post=9178"}],"version-history":[{"count":3,"href":"https:\/\/www.europaschule-evropskasola.com\/index.php?rest_route=\/wp\/v2\/pages\/9178\/revisions"}],"predecessor-version":[{"id":9257,"href":"https:\/\/www.europaschule-evropskasola.com\/index.php?rest_route=\/wp\/v2\/pages\/9178\/revisions\/9257"}],"wp:attachment":[{"href":"https:\/\/www.europaschule-evropskasola.com\/index.php?rest_route=%2Fwp%2Fv2%2Fmedia&parent=9178"}],"curies":[{"name":"wp","href":"https:\/\/api.w.org\/{rel}","templated":true}]}}